{"id":11968,"date":"2025-12-08T10:35:55","date_gmt":"2025-12-08T09:35:55","guid":{"rendered":"https:\/\/rossellaboscolo.com\/?page_id=11968"},"modified":"2026-01-29T14:59:17","modified_gmt":"2026-01-29T13:59:17","slug":"money-freedom_free-masterclass_content","status":"publish","type":"page","link":"https:\/\/rossellaboscolo.com\/it\/money-freedom_free-masterclass_content\/","title":{"rendered":"MONEY FREEDOM_Free Masterclass_Content"},"content":{"rendered":"\t\t<div data-elementor-type=\"wp-post\" data-elementor-id=\"11968\" class=\"elementor elementor-11968\" data-elementor-post-type=\"page\">\n\t\t\t\t<div class=\"elementor-element elementor-element-6e5aaaf e-flex e-con-boxed e-con e-parent\" data-id=\"6e5aaaf\" data-element_type=\"container\">\n\t\t\t\t\t<div class=\"e-con-inner\">\n\t\t\t\t<div class=\"elementor-element elementor-element-d83de07 elementor-widget__width-initial animated-slow elementor-hidden-mobile elementor-invisible elementor-widget elementor-widget-text-editor\" data-id=\"d83de07\" data-element_type=\"widget\" data-settings=\"{&quot;_animation&quot;:&quot;fadeIn&quot;}\" data-widget_type=\"text-editor.default\">\n\t\t\t\t<div class=\"elementor-widget-container\">\n\t\t\t\t\t\t\t\t\t<center><\/center><h2>GRAZIE PER ESSERTI ISCRITTA!<\/h2><p>\u00a0<\/p><h2>GUARDA &#8220;MONEY FREEDOM&#8221; QUI SOTTO<\/h2>\t\t\t\t\t\t\t\t<\/div>\n\t\t\t\t<\/div>\n\t\t\t\t\t<\/div>\n\t\t\t\t<\/div>\n\t\t<div class=\"elementor-element elementor-element-6309ee5 e-flex e-con-boxed e-con e-parent\" data-id=\"6309ee5\" data-element_type=\"container\">\n\t\t\t\t\t<div class=\"e-con-inner\">\n\t\t\t\t<div class=\"elementor-element elementor-element-8f26f1a elementor-widget elementor-widget-video\" data-id=\"8f26f1a\" data-element_type=\"widget\" data-settings=\"{&quot;youtube_url&quot;:&quot;https:\\\/\\\/youtu.be\\\/mNSA5zAqCls&quot;,&quot;video_type&quot;:&quot;youtube&quot;,&quot;controls&quot;:&quot;yes&quot;}\" data-widget_type=\"video.default\">\n\t\t\t\t<div class=\"elementor-widget-container\">\n\t\t\t\t\t\t\t<div class=\"elementor-wrapper elementor-open-inline\">\n\t\t\t<div class=\"elementor-video\"><\/div>\t\t<\/div>\n\t\t\t\t\t\t<\/div>\n\t\t\t\t<\/div>\n\t\t\t\t\t<\/div>\n\t\t\t\t<\/div>\n\t\t<div class=\"elementor-element elementor-element-0e7dee6 e-flex e-con-boxed e-con e-parent\" data-id=\"0e7dee6\" data-element_type=\"container\">\n\t\t\t\t\t<div class=\"e-con-inner\">\n\t\t\t\t<div class=\"elementor-element elementor-element-2413dcc elementor-widget__width-initial animated-slow elementor-hidden-mobile elementor-invisible elementor-widget elementor-widget-text-editor\" data-id=\"2413dcc\" data-element_type=\"widget\" data-settings=\"{&quot;_animation&quot;:&quot;fadeIn&quot;}\" data-widget_type=\"text-editor.default\">\n\t\t\t\t<div class=\"elementor-widget-container\">\n\t\t\t\t\t\t\t\t\t<p>\u00a0<\/p><h2>VUOI SCOPRIRE COME ATTIVARE TUTTO QUESTO<\/h2><h2>NELLA TUA VITA E NEL TUO BUSINESS?<\/h2><div>\u00a0<\/div>\t\t\t\t\t\t\t\t<\/div>\n\t\t\t\t<\/div>\n\t\t\t\t<div class=\"elementor-element elementor-element-77e1a66 elementor-align-center elementor-widget__width-inherit elementor-widget elementor-widget-button\" data-id=\"77e1a66\" data-element_type=\"widget\" data-widget_type=\"button.default\">\n\t\t\t\t<div class=\"elementor-widget-container\">\n\t\t\t\t\t\t\t\t\t<div class=\"elementor-button-wrapper\">\n\t\t\t\t\t<a class=\"elementor-button elementor-button-link elementor-size-lg\" href=\"https:\/\/rossellaboscolo.com\/it\/fai-brillare-la-tua-luce\/\">\n\t\t\t\t\t\t<span class=\"elementor-button-content-wrapper\">\n\t\t\t\t\t\t<span class=\"elementor-button-icon\">\n\t\t\t\t<i aria-hidden=\"true\" class=\"zmdi zmdi-sun\"><\/i>\t\t\t<\/span>\n\t\t\t\t\t\t\t\t\t<span class=\"elementor-button-text\">Prenota QUI  la tua chiamata di approfondimento<\/span>\n\t\t\t\t\t<\/span>\n\t\t\t\t\t<\/a>\n\t\t\t\t<\/div>\n\t\t\t\t\t\t\t\t<\/div>\n\t\t\t\t<\/div>\n\t\t\t\t\t<\/div>\n\t\t\t\t<\/div>\n\t\t<div class=\"elementor-element elementor-element-6b60561 e-flex e-con-boxed e-con e-parent\" data-id=\"6b60561\" data-element_type=\"container\">\n\t\t\t\t\t<div class=\"e-con-inner\">\n\t\t\t\t<div class=\"elementor-element elementor-element-56d4d90 elementor-widget__width-initial animated-slow elementor-hidden-mobile elementor-invisible elementor-widget elementor-widget-text-editor\" data-id=\"56d4d90\" data-element_type=\"widget\" data-settings=\"{&quot;_animation&quot;:&quot;fadeIn&quot;}\" data-widget_type=\"text-editor.default\">\n\t\t\t\t<div class=\"elementor-widget-container\">\n\t\t\t\t\t\t\t\t\t<center><\/center><h2><span style=\"color: #808080;\">CHE COSA SIGNIFICA LIBERARE IL FLUSSO DELLA<\/span><\/h2><h2><span style=\"color: #808080;\">PROSPERITA&#8217; NATURALE? Scopri le testimonianze\u00a0<\/span><\/h2>\t\t\t\t\t\t\t\t<\/div>\n\t\t\t\t<\/div>\n\t\t\t\t\t<\/div>\n\t\t\t\t<\/div>\n\t\t<div class=\"elementor-element elementor-element-a941d24 e-flex e-con-boxed e-con e-parent\" data-id=\"a941d24\" data-element_type=\"container\">\n\t\t\t\t\t<div class=\"e-con-inner\">\n\t\t\t\t<div class=\"elementor-element elementor-element-46e75ef elementor-widget__width-inherit elementor-testimonial--skin-default elementor-testimonial--layout-image_inline elementor-testimonial--align-center elementor-arrows-yes elementor-pagination-type-bullets elementor-widget elementor-widget-testimonial-carousel\" data-id=\"46e75ef\" data-element_type=\"widget\" data-settings=\"{&quot;space_between&quot;:{&quot;unit&quot;:&quot;px&quot;,&quot;size&quot;:0,&quot;sizes&quot;:[]},&quot;show_arrows&quot;:&quot;yes&quot;,&quot;pagination&quot;:&quot;bullets&quot;,&quot;speed&quot;:500,&quot;autoplay&quot;:&quot;yes&quot;,&quot;autoplay_speed&quot;:5000,&quot;loop&quot;:&quot;yes&quot;,&quot;pause_on_hover&quot;:&quot;yes&quot;,&quot;pause_on_interaction&quot;:&quot;yes&quot;,&quot;space_between_tablet&quot;:{&quot;unit&quot;:&quot;px&quot;,&quot;size&quot;:10,&quot;sizes&quot;:[]},&quot;space_between_mobile&quot;:{&quot;unit&quot;:&quot;px&quot;,&quot;size&quot;:10,&quot;sizes&quot;:[]}}\" data-widget_type=\"testimonial-carousel.default\">\n\t\t\t\t<div class=\"elementor-widget-container\">\n\t\t\t\t\t\t\t\t\t<div class=\"elementor-swiper\">\n\t\t\t\t\t<div class=\"elementor-main-swiper swiper\" role=\"region\" aria-roledescription=\"carousel\" aria-label=\"Slides\">\n\t\t\t\t<div class=\"swiper-wrapper\">\n\t\t\t\t\t\t\t\t\t\t\t<div class=\"swiper-slide\" role=\"group\" aria-roledescription=\"slide\">\n\t\t\t\t\t\t\t\t\t<div class=\"elementor-testimonial\">\n\t\t\t\t\t\t\t<div class=\"elementor-testimonial__content\">\n\t\t\t\t\t<div class=\"elementor-testimonial__text\">\n\t\t\t\t\t\tNon \u00e8 semplice descrivere in un commento il tipo di esperienza che sto vivendo. Vediamo un po\u2019: si tratta di una musica di liberazione che ha come conseguenza l\u2019attivazione di una cascata di liberazioni. Non \u00e8 solo un liberare se stessi, ma onorare la funzione di supportare la liberazione altrui. Per me \u00e8 come fare ci\u00f2 che faccio in qualit\u00e0 di madre ma in un\u2019altra forma: svolgere il compito di favorire il volo altrui. E questo avviene sempre pi\u00f9 sensibilmente attingendo a una ricchezza a tutto tondo, che parte da dentro e subito si riflette fuori.\t\t\t\t\t<\/div>\n\t\t\t\t\t\t\t\t\t<\/div>\n\t\t\t\t\t\t<div class=\"elementor-testimonial__footer\">\n\t\t\t\t\t\t\t\t<cite class=\"elementor-testimonial__cite\"><span class=\"elementor-testimonial__name\">Luciana S.<\/span><\/cite>\t\t\t<\/div>\n\t\t<\/div>\n\t\t\t\t\t\t\t\t<\/div>\n\t\t\t\t\t\t\t\t\t\t\t<div class=\"swiper-slide\" role=\"group\" aria-roledescription=\"slide\">\n\t\t\t\t\t\t\t\t\t<div class=\"elementor-testimonial\">\n\t\t\t\t\t\t\t<div class=\"elementor-testimonial__content\">\n\t\t\t\t\t<div class=\"elementor-testimonial__text\">\n\t\t\t\t\t\t17k in meno di due mesi\nCi\u00f2 che \u00e8 successo quando mi sono fermata e sganciata dall\u2019incessante fare.\nE in quella calma ho riconosciuto me, la mia voce e la mia parola, portandola sempre ad un nuovo livello, sempre pi\u00f9  pura potente.\n\u00c8 cos\u00ec che le vendite hanno iniziato a fluire, con elegante semplicit\u00e0 ma soprattutto grande gioia.\nRicordo ancora la prima vendita: ero in spiaggia e mi sono detta \u201cnon \u00e8 possibile!\u201d\nLe parole di gratitudine non saranno mai abbastanza per te, grazie per la bellezza che hai portato nella mia vita. \t\t\t\t\t<\/div>\n\t\t\t\t\t\t\t\t\t<\/div>\n\t\t\t\t\t\t<div class=\"elementor-testimonial__footer\">\n\t\t\t\t\t\t\t\t<cite class=\"elementor-testimonial__cite\"><span class=\"elementor-testimonial__name\">Elisabetta Z.<\/span><\/cite>\t\t\t<\/div>\n\t\t<\/div>\n\t\t\t\t\t\t\t\t<\/div>\n\t\t\t\t\t\t\t\t\t\t\t<div class=\"swiper-slide\" role=\"group\" aria-roledescription=\"slide\">\n\t\t\t\t\t\t\t\t\t<div class=\"elementor-testimonial\">\n\t\t\t\t\t\t\t<div class=\"elementor-testimonial__content\">\n\t\t\t\t\t<div class=\"elementor-testimonial__text\">\n\t\t\t\t\t\tSto ricevendo talmente tante intuizioni, idee e cambiamento che mi sento stordita! \nQuesto percorso mi sta letteralmente liberando da tutte le catene di giudizio, dalla libert\u00e0 di essere chi sono, da tutti quei filtri che si interponevano tra me e il coraggio di ammettere il mio valore ed il valore del mio vissuto. \t\t\t\t\t<\/div>\n\t\t\t\t\t\t\t\t\t<\/div>\n\t\t\t\t\t\t<div class=\"elementor-testimonial__footer\">\n\t\t\t\t\t\t\t\t\t\t\t<\/div>\n\t\t<\/div>\n\t\t\t\t\t\t\t\t<\/div>\n\t\t\t\t\t\t\t\t\t\t\t<div class=\"swiper-slide\" role=\"group\" aria-roledescription=\"slide\">\n\t\t\t\t\t\t\t\t\t<div class=\"elementor-testimonial\">\n\t\t\t\t\t\t\t<div class=\"elementor-testimonial__content\">\n\t\t\t\t\t<div class=\"elementor-testimonial__text\">\n\t\t\t\t\t\tPer me partecipare ha significato proprio comprendere nel profondo che la mia vita \u00e8 gi\u00e0 WOW. \u00c8 tutto gi\u00e0 qui e io sto solo contribuendo con il mio lavoro, il mio essere a creare altra meraviglia. E da quando mi sono messa in quello stato l\u00ec, \u00e8 arrivato il Mondo\nCristina\n\n\t\t\t\t\t<\/div>\n\t\t\t\t\t\t\t\t\t<\/div>\n\t\t\t\t\t\t<div class=\"elementor-testimonial__footer\">\n\t\t\t\t\t\t\t\t\t\t\t<\/div>\n\t\t<\/div>\n\t\t\t\t\t\t\t\t<\/div>\n\t\t\t\t\t\t\t\t\t\t\t<div class=\"swiper-slide\" role=\"group\" aria-roledescription=\"slide\">\n\t\t\t\t\t\t\t\t\t<div class=\"elementor-testimonial\">\n\t\t\t\t\t\t\t<div class=\"elementor-testimonial__content\">\n\t\t\t\t\t<div class=\"elementor-testimonial__text\">\n\t\t\t\t\t\tAscoltarti mi aiuta a dare un nome a cose che ho sperimentato nel tempo, mi aiuta a ricordare...\nE il denaro per me \u00e8 sempre stato qualcosa che sentivo lontano da me, molto maschile eppure arrivava sempre in maniera naturale.  Ascoltarti mi ha aiutata soprattutto a ricordare che il denaro \u00e8 un flusso sempre disponibile. E che basta connettersi a questo flusso. E che l'andamento non \u00e8 lineare ma a \"gradoni\". L'importanza dell'azione che mette in moto il cambiamento, al posto del pensiero che si intreccia su se stesso tentando di controllare e risolvere. Sento di essere davanti ad una nuova soglia, che mi fa salire di livello.\t\t\t\t\t<\/div>\n\t\t\t\t\t\t\t\t\t<\/div>\n\t\t\t\t\t\t<div class=\"elementor-testimonial__footer\">\n\t\t\t\t\t\t\t\t<cite class=\"elementor-testimonial__cite\"><span class=\"elementor-testimonial__name\">Simona<\/span><\/cite>\t\t\t<\/div>\n\t\t<\/div>\n\t\t\t\t\t\t\t\t<\/div>\n\t\t\t\t\t\t\t\t\t\t\t<div class=\"swiper-slide\" role=\"group\" aria-roledescription=\"slide\">\n\t\t\t\t\t\t\t\t\t<div class=\"elementor-testimonial\">\n\t\t\t\t\t\t\t<div class=\"elementor-testimonial__content\">\n\t\t\t\t\t<div class=\"elementor-testimonial__text\">\n\t\t\t\t\t\tQuante cose ho contratto e di quante, una alla volta (o tutte insieme!) devo rilasciare per avverare i miei Desideri, anche in modi estremamente sfidanti. \nE, per la prima volta dopo anni, non sentire la mancanza ma la bellezza di tutto ci\u00f2 che ho. Guardare, finalmente, dall'altra faccia della medaglia \n\n(e scoprire che \u00e8 anche molto semplice).\t\t\t\t\t<\/div>\n\t\t\t\t\t\t\t\t\t<\/div>\n\t\t\t\t\t\t<div class=\"elementor-testimonial__footer\">\n\t\t\t\t\t\t\t\t\t\t\t<\/div>\n\t\t<\/div>\n\t\t\t\t\t\t\t\t<\/div>\n\t\t\t\t\t\t\t\t\t\t\t<div class=\"swiper-slide\" role=\"group\" aria-roledescription=\"slide\">\n\t\t\t\t\t\t\t\t\t<div class=\"elementor-testimonial\">\n\t\t\t\t\t\t\t<div class=\"elementor-testimonial__content\">\n\t\t\t\t\t<div class=\"elementor-testimonial__text\">\n\t\t\t\t\t\tIncontrare Rossella nel mio cammino professionale, ed anche umano, \u00e8 stata una vera benedizione. Mi ha condotta verso una dimensione del fare azione consapevole e non dare nulla per scontato soprattutto me. A riconoscere la mia energia, il mio perch\u00e9 \u00e8 ricollegare tutto ad una visione di vita che da molto tempo voleva manifestarsi. Grazie.\t\t\t\t\t<\/div>\n\t\t\t\t\t\t\t\t\t<\/div>\n\t\t\t\t\t\t<div class=\"elementor-testimonial__footer\">\n\t\t\t\t\t\t\t\t<cite class=\"elementor-testimonial__cite\"><span class=\"elementor-testimonial__name\">Roberta<\/span><\/cite>\t\t\t<\/div>\n\t\t<\/div>\n\t\t\t\t\t\t\t\t<\/div>\n\t\t\t\t\t\t\t\t\t\t\t<div class=\"swiper-slide\" role=\"group\" aria-roledescription=\"slide\">\n\t\t\t\t\t\t\t\t\t<div class=\"elementor-testimonial\">\n\t\t\t\t\t\t\t<div class=\"elementor-testimonial__content\">\n\t\t\t\t\t<div class=\"elementor-testimonial__text\">\n\t\t\t\t\t\tRossella \u00e8 una Benedizione, una Guida chiara, Vera.\nDi quelle senza giri di parole e che, con poche, arriva dritta al punto di quello che ti serve per connetterti con la tua Essenza, il tuo business, il tuo sogno.\nSono arrivata a lei in un momento davvero molto determinato della mia vita e, in pochissimo tempo, ho chiarito la mia rotta, il mio perch\u00e8, ho fatto pulizie di schemi mentali, resistenze e paure e mi sono arricchita di consapevolezze che stanno favorendo il mio business. Che si era ingolfato.\nGrazie a lei, alla sua Energia, ai suoi insegnamenti sto ritrovando il piacere, l'Amore e l'ambizione di un lavoro fatto con autenticit\u00e0, con cuore. La sua Guida, la sua presenza, persino il suo silenzio sa essere perfettamente Elevante e Responsabilizzante.\n\u00c8 una Benedizione averla incontrata, contattata e essere nei suoi percorsi.\nPer chiunque voglia DAVVERO trasformare business e vita.\nGrazie Rossella.\t\t\t\t\t<\/div>\n\t\t\t\t\t\t\t\t\t<\/div>\n\t\t\t\t\t\t<div class=\"elementor-testimonial__footer\">\n\t\t\t\t\t\t\t\t<cite class=\"elementor-testimonial__cite\"><span class=\"elementor-testimonial__name\"> Simona<\/span><\/cite>\t\t\t<\/div>\n\t\t<\/div>\n\t\t\t\t\t\t\t\t<\/div>\n\t\t\t\t\t\t\t\t\t\t\t<div class=\"swiper-slide\" role=\"group\" aria-roledescription=\"slide\">\n\t\t\t\t\t\t\t\t\t<div class=\"elementor-testimonial\">\n\t\t\t\t\t\t\t<div class=\"elementor-testimonial__content\">\n\t\t\t\t\t<div class=\"elementor-testimonial__text\">\n\t\t\t\t\t\t Tu sei stata la prima a vedere oltre per me, veramente, quella che mi ha portato a rischiare di vedere quello che ero veramente, perch\u00e9 se non fosse stato per te io non avrei mai mai e poi mai messo i prezzi che ho messo, non avrei mai venduto come ho venduto, non avrei mai creduto di condurre solo online , non avrei mai creduto che persone da tutta Italia potevano chiedermi di essere condotte, non sarebbe successo niente di tutto questo, perch\u00e9 io da sola non riuscivo a vedere magari ci sarei riuscita tra 10 anni ma quante cose mi sarei persa adesso e quanto avrei dovuto vivere nella frustrazione. Io ho fatto un salto nello scegliere di essere fiduciosa. Punto. Non c\u2019\u00e8 altra via, o mi fido o mi fido ed \u00e8 questo ho fatto grazie a te. Sono felice!\t\t\t\t\t<\/div>\n\t\t\t\t\t\t\t\t\t<\/div>\n\t\t\t\t\t\t<div class=\"elementor-testimonial__footer\">\n\t\t\t\t\t\t\t\t<cite class=\"elementor-testimonial__cite\"><span class=\"elementor-testimonial__name\">Alessandra D. <\/span><\/cite>\t\t\t<\/div>\n\t\t<\/div>\n\t\t\t\t\t\t\t\t<\/div>\n\t\t\t\t\t\t\t\t\t<\/div>\n\t\t\t\t\t\t\t\t\t\t\t\t\t\t\t<div class=\"elementor-swiper-button elementor-swiper-button-prev\" role=\"button\" tabindex=\"0\" aria-label=\"Precedente\">\n\t\t\t\t\t\t\t<svg aria-hidden=\"true\" class=\"e-font-icon-svg e-eicon-chevron-left\" viewBox=\"0 0 1000 1000\" xmlns=\"http:\/\/www.w3.org\/2000\/svg\"><path d=\"M646 125C629 125 613 133 604 142L308 442C296 454 292 471 292 487 292 504 296 521 308 533L604 854C617 867 629 875 646 875 663 875 679 871 692 858 704 846 713 829 713 812 713 796 708 779 692 767L438 487 692 225C700 217 708 204 708 187 708 171 704 154 692 142 675 129 663 125 646 125Z\"><\/path><\/svg>\t\t\t\t\t\t<\/div>\n\t\t\t\t\t\t<div class=\"elementor-swiper-button elementor-swiper-button-next\" role=\"button\" tabindex=\"0\" aria-label=\"Successivo\">\n\t\t\t\t\t\t\t<svg aria-hidden=\"true\" class=\"e-font-icon-svg e-eicon-chevron-right\" viewBox=\"0 0 1000 1000\" xmlns=\"http:\/\/www.w3.org\/2000\/svg\"><path d=\"M696 533C708 521 713 504 713 487 713 471 708 454 696 446L400 146C388 133 375 125 354 125 338 125 325 129 313 142 300 154 292 171 292 187 292 204 296 221 308 233L563 492 304 771C292 783 288 800 288 817 288 833 296 850 308 863 321 871 338 875 354 875 371 875 388 867 400 854L696 533Z\"><\/path><\/svg>\t\t\t\t\t\t<\/div>\n\t\t\t\t\t\t\t\t\t\t\t\t\t\t\t\t<div class=\"swiper-pagination\"><\/div>\n\t\t\t\t\t\t\t\t\t\t\t\t<\/div>\n\t\t\t\t<\/div>\n\t\t\t\t\t\t\t\t<\/div>\n\t\t\t\t<\/div>\n\t\t\t\t\t<\/div>\n\t\t\t\t<\/div>\n\t\t\t\t<\/div>\n\t\t","protected":false},"excerpt":{"rendered":"<p>GRAZIE PER ESSERTI ISCRITTA! \u00a0 GUARDA &#8220;MONEY FREEDOM&#8221; QUI SOTTO https:\/\/youtu.be\/mNSA5zAqCls \u00a0 VUOI SCOPRIRE COME ATTIVARE TUTTO QUESTO NELLA TUA VITA E NEL TUO BUSINESS? \u00a0 Prenota QUI la tua chiamata di approfondimento CHE COSA SIGNIFICA LIBERARE IL FLUSSO DELLA PROSPERITA&#8217; NATURALE? Scopri le testimonianze\u00a0 Non \u00e8 semplice descrivere in un commento il tipo di &hellip; <a href=\"https:\/\/rossellaboscolo.com\/it\/money-freedom_free-masterclass_content\/\" class=\"more-link\">Continue reading <span class=\"screen-reader-text\">MONEY FREEDOM_Free Masterclass_Content<\/span><\/a><\/p>\n","protected":false},"author":184,"featured_media":0,"parent":0,"menu_order":0,"comment_status":"closed","ping_status":"closed","template":"","meta":{"footnotes":""},"class_list":["post-11968","page","type-page","status-publish","hentry"],"_links":{"self":[{"href":"https:\/\/rossellaboscolo.com\/it\/wp-json\/wp\/v2\/pages\/11968","targetHints":{"allow":["GET"]}}],"collection":[{"href":"https:\/\/rossellaboscolo.com\/it\/wp-json\/wp\/v2\/pages"}],"about":[{"href":"https:\/\/rossellaboscolo.com\/it\/wp-json\/wp\/v2\/types\/page"}],"author":[{"embeddable":true,"href":"https:\/\/rossellaboscolo.com\/it\/wp-json\/wp\/v2\/users\/184"}],"replies":[{"embeddable":true,"href":"https:\/\/rossellaboscolo.com\/it\/wp-json\/wp\/v2\/comments?post=11968"}],"version-history":[{"count":99,"href":"https:\/\/rossellaboscolo.com\/it\/wp-json\/wp\/v2\/pages\/11968\/revisions"}],"predecessor-version":[{"id":13166,"href":"https:\/\/rossellaboscolo.com\/it\/wp-json\/wp\/v2\/pages\/11968\/revisions\/13166"}],"wp:attachment":[{"href":"https:\/\/rossellaboscolo.com\/it\/wp-json\/wp\/v2\/media?parent=11968"}],"curies":[{"name":"wp","href":"https:\/\/api.w.org\/{rel}","templated":true}]}}