{"id":14011,"date":"2026-04-09T13:04:43","date_gmt":"2026-04-09T12:04:43","guid":{"rendered":"https:\/\/rossellaboscolo.com\/?page_id=14011"},"modified":"2026-04-09T13:06:15","modified_gmt":"2026-04-09T12:06:15","slug":"divine-leader-mastermind-contatto","status":"publish","type":"page","link":"https:\/\/rossellaboscolo.com\/it\/divine-leader-mastermind-contatto\/","title":{"rendered":"Divine Leader Mastermind &#8211; contatto"},"content":{"rendered":"\t\t<div data-elementor-type=\"wp-post\" data-elementor-id=\"14011\" class=\"elementor elementor-14011\" data-elementor-post-type=\"page\">\n\t\t\t\t<div class=\"elementor-element elementor-element-147b94c e-flex e-con-boxed e-con e-parent\" data-id=\"147b94c\" data-element_type=\"container\">\n\t\t\t\t\t<div class=\"e-con-inner\">\n\t\t\t\t<div class=\"elementor-element elementor-element-f9801d3 elementor-widget__width-inherit animated-slow elementor-invisible elementor-widget elementor-widget-tbay-heading\" data-id=\"f9801d3\" data-element_type=\"widget\" data-settings=\"{&quot;_animation&quot;:&quot;fadeIn&quot;}\" data-widget_type=\"tbay-heading.default\">\n\t\t\t\t<div class=\"elementor-widget-container\">\n\t\t\t\t\t\r\n<div class=\"tbay-element tbay-element-heading\">\r\n\t\t\t\t<h3 class=\"heading-tbay-title style-1\">\r\n                \r\n                 \r\n\r\n\t\t\t\t\t\t\t\t\t<span class=\"title\">DIVINE LEADER MASTERMIND<\/span>\r\n\t\t\t\t\t    \t\r\n\r\n                \r\n                <i aria-hidden=\"true\" class=\"tb-icon tb-icon-check-circle\"><\/i>\r\n\t\t\t<\/h3>\r\n        <\/div>\t\t\t\t<\/div>\n\t\t\t\t<\/div>\n\t\t\t\t\t<\/div>\n\t\t\t\t<\/div>\n\t\t<div class=\"elementor-element elementor-element-6e5aaaf e-flex e-con-boxed e-con e-parent\" data-id=\"6e5aaaf\" data-element_type=\"container\">\n\t\t\t\t\t<div class=\"e-con-inner\">\n\t\t\t\t<div class=\"elementor-element elementor-element-d83de07 elementor-widget__width-inherit elementor-widget elementor-widget-text-editor\" data-id=\"d83de07\" data-element_type=\"widget\" data-widget_type=\"text-editor.default\">\n\t\t\t\t<div class=\"elementor-widget-container\">\n\t\t\t\t\t\t\t\t\t<p>Compila il form qui sotto per sottoporre la tua candidatura e prenotare la chiamata<\/p>\t\t\t\t\t\t\t\t<\/div>\n\t\t\t\t<\/div>\n\t\t\t\t\t<\/div>\n\t\t\t\t<\/div>\n\t\t<div class=\"elementor-element elementor-element-ae0e8d4 e-con-full e-flex e-con e-parent\" data-id=\"ae0e8d4\" data-element_type=\"container\">\n\t\t\t\t<div class=\"elementor-element elementor-element-42ada3a elementor-widget__width-initial elementor-widget elementor-widget-wpforms\" data-id=\"42ada3a\" data-element_type=\"widget\" data-widget_type=\"wpforms.default\">\n\t\t\t\t<div class=\"elementor-widget-container\">\n\t\t\t\t\t<style id=\"wpforms-css-vars-elementor-widget-42ada3a\">\n\t\t\t\t.elementor-widget-wpforms.elementor-element-42ada3a {\n\t\t\t\t--wpforms-field-size-input-height: 50px;\n--wpforms-field-size-input-spacing: 20px;\n--wpforms-field-size-font-size: 18px;\n--wpforms-field-size-line-height: 21px;\n--wpforms-field-size-padding-h: 14px;\n--wpforms-field-size-checkbox-size: 18px;\n--wpforms-field-size-sublabel-spacing: 10px;\n--wpforms-field-size-icon-size: 1.25;\n\t\t\t}\n\t\t\t<\/style><div class=\"wpforms-container wpforms-container-full wpforms-render-modern\" id=\"wpforms-12858\"><form id=\"wpforms-form-12858\" class=\"wpforms-validate wpforms-form wpforms-ajax-form\" data-formid=\"12858\" method=\"post\" enctype=\"multipart\/form-data\" action=\"\/it\/wp-json\/wp\/v2\/pages\/14011\" data-token=\"e48460cf822076645269a23c30119d51\" data-token-time=\"1776592739\"><noscript class=\"wpforms-error-noscript\">Abilita JavaScript nel browser per completare questo modulo.<\/noscript><div id=\"wpforms-error-noscript\" style=\"display: none;\">Abilita JavaScript nel browser per completare questo modulo.<\/div><div class=\"wpforms-field-container\"><div id=\"wpforms-12858-field_2-container\" class=\"wpforms-field wpforms-field-text\" data-field-id=\"2\"><label class=\"wpforms-field-label wpforms-label-hide\" for=\"wpforms-12858-field_2\" aria-hidden=\"false\">Nome <span class=\"wpforms-required-label\" aria-hidden=\"true\">*<\/span><\/label><input type=\"text\" id=\"wpforms-12858-field_2\" class=\"wpforms-field-large wpforms-field-required\" name=\"wpforms[fields][2]\" placeholder=\"Nome\" aria-errormessage=\"wpforms-12858-field_2-error\" required><\/div><div id=\"wpforms-12858-field_3-container\" class=\"wpforms-field wpforms-field-text\" data-field-id=\"3\"><label class=\"wpforms-field-label wpforms-label-hide\" for=\"wpforms-12858-field_3\" aria-hidden=\"false\">Cognome <span class=\"wpforms-required-label\" aria-hidden=\"true\">*<\/span><\/label><input type=\"text\" id=\"wpforms-12858-field_3\" class=\"wpforms-field-large wpforms-field-required\" name=\"wpforms[fields][3]\" placeholder=\"Cognome\" aria-errormessage=\"wpforms-12858-field_3-error\" required><\/div><div id=\"wpforms-12858-field_5-container\" class=\"wpforms-field wpforms-field-email\" data-field-id=\"5\"><label class=\"wpforms-field-label wpforms-label-hide\" for=\"wpforms-12858-field_5\" aria-hidden=\"false\">Email <span class=\"wpforms-required-label\" aria-hidden=\"true\">*<\/span><\/label><input type=\"email\" id=\"wpforms-12858-field_5\" class=\"wpforms-field-large wpforms-field-required\" name=\"wpforms[fields][5]\" placeholder=\"Email\" spellcheck=\"false\" aria-errormessage=\"wpforms-12858-field_5-error\" required><\/div><div id=\"wpforms-12858-field_6-container\" class=\"wpforms-field wpforms-field-phone\" data-field-id=\"6\"><label class=\"wpforms-field-label wpforms-label-hide\" for=\"wpforms-12858-field_6\" aria-hidden=\"false\">Telefono <span class=\"wpforms-required-label\" aria-hidden=\"true\">*<\/span><\/label><input type=\"tel\" id=\"wpforms-12858-field_6\" class=\"wpforms-field-large wpforms-field-required wpforms-smart-phone-field\" data-rule-smart-phone-field=\"true\" name=\"wpforms[fields][6]\" placeholder=\"Telefono\" aria-label=\"Telefono\" aria-errormessage=\"wpforms-12858-field_6-error\" required><\/div><div id=\"wpforms-12858-field_9-container\" class=\"wpforms-field wpforms-field-radio\" data-field-id=\"9\"><fieldset><legend class=\"wpforms-field-label\">Come hai conosciuto Rossella?<\/legend><ul id=\"wpforms-12858-field_9\"><li class=\"choice-1 depth-1\"><input type=\"radio\" id=\"wpforms-12858-field_9_1\" name=\"wpforms[fields][9]\" value=\"Pubblicit\u00e0 Facebook Instagram\" aria-errormessage=\"wpforms-12858-field_9_1-error\"  ><label class=\"wpforms-field-label-inline\" for=\"wpforms-12858-field_9_1\">Pubblicit\u00e0 Facebook Instagram<\/label><\/li><li class=\"choice-2 depth-1\"><input type=\"radio\" id=\"wpforms-12858-field_9_2\" name=\"wpforms[fields][9]\" value=\"Passaparola\" aria-errormessage=\"wpforms-12858-field_9_2-error\"  ><label class=\"wpforms-field-label-inline\" for=\"wpforms-12858-field_9_2\">Passaparola<\/label><\/li><li class=\"choice-3 depth-1\"><input type=\"radio\" id=\"wpforms-12858-field_9_3\" name=\"wpforms[fields][9]\" value=\"Gi\u00e0 cliente\" aria-errormessage=\"wpforms-12858-field_9_3-error\"  ><label class=\"wpforms-field-label-inline\" for=\"wpforms-12858-field_9_3\">Gi\u00e0 cliente<\/label><\/li><\/ul><\/fieldset><\/div><div id=\"wpforms-12858-field_11-container\" class=\"wpforms-field wpforms-field-textarea\" data-field-id=\"11\"><label class=\"wpforms-field-label\" for=\"wpforms-12858-field_11\">Qual \u00e8 il desiderio pi\u00f9 grande che ti conduce a Divine Leader Mastermind?<\/label><textarea id=\"wpforms-12858-field_11\" class=\"wpforms-field-medium\" name=\"wpforms[fields][11]\" aria-errormessage=\"wpforms-12858-field_11-error\" ><\/textarea><\/div><div id=\"wpforms-12858-field_8-container\" class=\"wpforms-field wpforms-field-checkbox\" data-field-id=\"8\"><fieldset><legend class=\"wpforms-field-label wpforms-label-hide\" aria-hidden=\"false\">Checkboxes<\/legend><ul id=\"wpforms-12858-field_8\"><li class=\"choice-1 depth-1\"><input type=\"checkbox\" id=\"wpforms-12858-field_8_1\" name=\"wpforms[fields][8][]\" value=\"Dichiaro di aver letto la privacy policy ed autorizzo il trattamento dei miei dati.\" aria-errormessage=\"wpforms-12858-field_8_1-error\"  ><label class=\"wpforms-field-label-inline\" for=\"wpforms-12858-field_8_1\">Dichiaro di aver letto la privacy policy ed autorizzo il trattamento dei miei dati.<\/label><\/li><\/ul><\/fieldset><\/div><\/div><!-- .wpforms-field-container --><div class=\"wpforms-submit-container\" ><input type=\"hidden\" name=\"wpforms[id]\" value=\"12858\"><input type=\"hidden\" name=\"page_title\" value=\"\"><input type=\"hidden\" name=\"page_url\" value=\"https:\/\/rossellaboscolo.com\/it\/wp-json\/wp\/v2\/pages\/14011\"><input type=\"hidden\" name=\"url_referer\" value=\"\"><button type=\"submit\" name=\"wpforms[submit]\" id=\"wpforms-submit-12858\" class=\"wpforms-submit\" data-alt-text=\"Invio...\" data-submit-text=\"Invia la tua candidatura\" aria-live=\"assertive\" value=\"wpforms-submit\">Invia la tua candidatura<\/button><img decoding=\"async\" src=\"https:\/\/rossellaboscolo.com\/wp-content\/plugins\/wpforms\/assets\/images\/submit-spin.svg\" class=\"wpforms-submit-spinner\" style=\"display: none;\" width=\"26\" height=\"26\" alt=\"Caricamento\"><\/div><\/form><\/div>  <!-- .wpforms-container -->\t\t\t\t<\/div>\n\t\t\t\t<\/div>\n\t\t\t\t<\/div>\n\t\t\t\t<\/div>\n\t\t","protected":false},"excerpt":{"rendered":"<p>DIVINE LEADER MASTERMIND Compila il form qui sotto per sottoporre la tua candidatura e prenotare la chiamata Please enable JavaScript in your browser to complete this form.Please enable JavaScript in your browser to complete this form.Nome *Cognome *Email *Telefono Come hai conosciuto Rossella? Pubblicit\u00e0 Facebook Instagram Passaparola Gi\u00e0 cliente Qual \u00e8 il desiderio pi\u00f9 grande &hellip; <a href=\"https:\/\/rossellaboscolo.com\/it\/divine-leader-mastermind-contatto\/\" class=\"more-link\">Continue reading <span class=\"screen-reader-text\">Divine Leader Mastermind &#8211; contatto<\/span><\/a><\/p>\n","protected":false},"author":1,"featured_media":0,"parent":0,"menu_order":0,"comment_status":"closed","ping_status":"closed","template":"","meta":{"footnotes":""},"class_list":["post-14011","page","type-page","status-publish","hentry"],"_links":{"self":[{"href":"https:\/\/rossellaboscolo.com\/it\/wp-json\/wp\/v2\/pages\/14011","targetHints":{"allow":["GET"]}}],"collection":[{"href":"https:\/\/rossellaboscolo.com\/it\/wp-json\/wp\/v2\/pages"}],"about":[{"href":"https:\/\/rossellaboscolo.com\/it\/wp-json\/wp\/v2\/types\/page"}],"author":[{"embeddable":true,"href":"https:\/\/rossellaboscolo.com\/it\/wp-json\/wp\/v2\/users\/1"}],"replies":[{"embeddable":true,"href":"https:\/\/rossellaboscolo.com\/it\/wp-json\/wp\/v2\/comments?post=14011"}],"version-history":[{"count":4,"href":"https:\/\/rossellaboscolo.com\/it\/wp-json\/wp\/v2\/pages\/14011\/revisions"}],"predecessor-version":[{"id":14017,"href":"https:\/\/rossellaboscolo.com\/it\/wp-json\/wp\/v2\/pages\/14011\/revisions\/14017"}],"wp:attachment":[{"href":"https:\/\/rossellaboscolo.com\/it\/wp-json\/wp\/v2\/media?parent=14011"}],"curies":[{"name":"wp","href":"https:\/\/api.w.org\/{rel}","templated":true}]}}