{"id":14089,"date":"2026-04-10T14:38:55","date_gmt":"2026-04-10T13:38:55","guid":{"rendered":"https:\/\/rossellaboscolo.com\/?page_id=14089"},"modified":"2026-04-20T13:15:19","modified_gmt":"2026-04-20T12:15:19","slug":"ty-divine-leader-mastermind","status":"publish","type":"page","link":"https:\/\/rossellaboscolo.com\/it\/ty-divine-leader-mastermind\/","title":{"rendered":"DIVINE LEADER &#8211; MASTERMIND &#8211; [TY PAGE]"},"content":{"rendered":"\t\t<div data-elementor-type=\"wp-page\" data-elementor-id=\"14089\" class=\"elementor elementor-14089\" data-elementor-post-type=\"page\">\n\t\t\t\t<div class=\"elementor-element elementor-element-554e39e e-con-full e-flex e-con e-parent\" data-id=\"554e39e\" data-element_type=\"container\" data-settings=\"{&quot;background_background&quot;:&quot;classic&quot;}\">\n\t\t<div class=\"elementor-element elementor-element-e4643b5 e-con-full e-flex e-con e-child\" data-id=\"e4643b5\" data-element_type=\"container\">\n\t\t<div class=\"elementor-element elementor-element-427926a e-con-full animated-slow e-flex elementor-invisible e-con e-child\" data-id=\"427926a\" data-element_type=\"container\" data-settings=\"{&quot;animation&quot;:&quot;fadeIn&quot;}\">\n\t\t\t\t<div class=\"elementor-element elementor-element-ec2fa51 elementor-view-default elementor-widget elementor-widget-icon\" data-id=\"ec2fa51\" data-element_type=\"widget\" data-widget_type=\"icon.default\">\n\t\t\t\t<div class=\"elementor-widget-container\">\n\t\t\t\t\t\t\t<div class=\"elementor-icon-wrapper\">\n\t\t\t<div class=\"elementor-icon\">\n\t\t\t<i aria-hidden=\"true\" class=\"sim-icon icon-check\"><\/i>\t\t\t<\/div>\n\t\t<\/div>\n\t\t\t\t\t\t<\/div>\n\t\t\t\t<\/div>\n\t\t\t\t<div class=\"elementor-element elementor-element-255a847 elementor-widget elementor-widget-heading\" data-id=\"255a847\" data-element_type=\"widget\" data-widget_type=\"heading.default\">\n\t\t\t\t<div class=\"elementor-widget-container\">\n\t\t\t\t\t<h1 class=\"elementor-heading-title elementor-size-default\">SEI DENTRO LO SPAZIO<\/h1>\t\t\t\t<\/div>\n\t\t\t\t<\/div>\n\t\t\t\t<div class=\"elementor-element elementor-element-d4f84d6 elementor-widget elementor-widget-tbay-heading\" data-id=\"d4f84d6\" data-element_type=\"widget\" data-widget_type=\"tbay-heading.default\">\n\t\t\t\t<div class=\"elementor-widget-container\">\n\t\t\t\t\t\r\n<div class=\"tbay-element tbay-element-heading\">\r\n\t\t\t\t<h3 class=\"heading-tbay-title style-1\">\r\n                \r\n                 \r\n\r\n\t\t\t\t\t\t\t\t\t<span class=\"title\">La tua candidatura \u00e8 stata ricevuta.<\/span>\r\n\t\t\t\t\t    \t\r\n\r\n                \r\n                <i aria-hidden=\"true\" class=\"tb-icon tb-icon-check-circle\"><\/i>\r\n\t\t\t<\/h3>\r\n        <\/div>\t\t\t\t<\/div>\n\t\t\t\t<\/div>\n\t\t\t\t<div class=\"elementor-element elementor-element-b981d37 elementor-widget elementor-widget-text-editor\" data-id=\"b981d37\" data-element_type=\"widget\" data-widget_type=\"text-editor.default\">\n\t\t\t\t<div class=\"elementor-widget-container\">\n\t\t\t\t\t\t\t\t\t<p>Non \u00e8 un caso che tu sia arrivata fin qui.<\/p><p>Rossella legger\u00e0 con attenzione la tua candidatura e ti scriver\u00e0 presto con il link per<\/p><p>prenotare la chiamata di allineamento.<\/p>\t\t\t\t\t\t\t\t<\/div>\n\t\t\t\t<\/div>\n\t\t\t\t<div class=\"elementor-element elementor-element-2014c7b elementor-widget elementor-widget-text-editor\" data-id=\"2014c7b\" data-element_type=\"widget\" data-widget_type=\"text-editor.default\">\n\t\t\t\t<div class=\"elementor-widget-container\">\n\t\t\t\t\t\t\t\t\t<p>Da qui, tutto \u00e8 possibile.<\/p>\t\t\t\t\t\t\t\t<\/div>\n\t\t\t\t<\/div>\n\t\t\t\t<\/div>\n\t\t\t\t<\/div>\n\t\t\t\t<\/div>\n\t\t<div class=\"elementor-element elementor-element-fe45dda e-flex e-con-boxed e-con e-parent\" data-id=\"fe45dda\" data-element_type=\"container\" data-settings=\"{&quot;background_background&quot;:&quot;classic&quot;}\">\n\t\t\t\t\t<div class=\"e-con-inner\">\n\t\t<div class=\"elementor-element elementor-element-f90bc36 animated-slow e-con-full e-flex elementor-invisible e-con e-child\" data-id=\"f90bc36\" data-element_type=\"container\" data-settings=\"{&quot;animation&quot;:&quot;fadeIn&quot;}\">\n\t\t<div class=\"elementor-element elementor-element-d2ce663 e-con-full e-flex e-con e-child\" data-id=\"d2ce663\" data-element_type=\"container\">\n\t\t\t\t<div class=\"elementor-element elementor-element-346b409 elementor-widget elementor-widget-image\" data-id=\"346b409\" data-element_type=\"widget\" data-widget_type=\"image.default\">\n\t\t\t\t<div class=\"elementor-widget-container\">\n\t\t\t\t\t\t\t\t\t\t\t\t\t\t\t\t<a href=\"https:\/\/rossellaboscolo.com\/\">\n\t\t\t\t\t\t\t<img fetchpriority=\"high\" decoding=\"async\" width=\"462\" height=\"462\" src=\"https:\/\/rossellaboscolo.com\/wp-content\/uploads\/2023\/12\/Rossella-Boscolo_Simbolo_Dorato-462x462.png\" class=\"attachment-large size-large wp-image-6728\" alt=\"\" \/>\t\t\t\t\t\t\t\t<\/a>\n\t\t\t\t\t\t\t\t\t\t\t\t\t\t\t<\/div>\n\t\t\t\t<\/div>\n\t\t\t\t<div class=\"elementor-element elementor-element-3ea6534 elementor-widget elementor-widget-image\" data-id=\"3ea6534\" data-element_type=\"widget\" data-widget_type=\"image.default\">\n\t\t\t\t<div class=\"elementor-widget-container\">\n\t\t\t\t\t\t\t\t\t\t\t\t\t\t\t\t<a href=\"https:\/\/rossellaboscolo.com\/\">\n\t\t\t\t\t\t\t<img decoding=\"async\" width=\"339\" height=\"30\" src=\"https:\/\/rossellaboscolo.com\/wp-content\/uploads\/2023\/11\/logo_Rossella_Boscolo-e1727001435394.png\" class=\"attachment-large size-large wp-image-144\" alt=\"\" \/>\t\t\t\t\t\t\t\t<\/a>\n\t\t\t\t\t\t\t\t\t\t\t\t\t\t\t<\/div>\n\t\t\t\t<\/div>\n\t\t\t\t<div class=\"elementor-element elementor-element-067fa60 elementor-widget elementor-widget-heading\" data-id=\"067fa60\" data-element_type=\"widget\" data-widget_type=\"heading.default\">\n\t\t\t\t<div class=\"elementor-widget-container\">\n\t\t\t\t\t<div class=\"elementor-heading-title elementor-size-default\">ROSSELLA BOSCOLO INTERNATIONAL LTD\nREG. N. HE 455310  - CY60042547U<br>\nGeorgiou Paraskeva 30 Neo Chorio Pafos 8852 Cyprus\n<\/div>\t\t\t\t<\/div>\n\t\t\t\t<\/div>\n\t\t\t\t<div class=\"elementor-element elementor-element-1fedab3 elementor-widget elementor-widget-heading\" data-id=\"1fedab3\" data-element_type=\"widget\" data-widget_type=\"heading.default\">\n\t\t\t\t<div class=\"elementor-widget-container\">\n\t\t\t\t\t<span class=\"elementor-heading-title elementor-size-default\"><a href=\"mailto:love@rossellaboscolo.com\">love@rossellaboscolo.com<\/a><\/span>\t\t\t\t<\/div>\n\t\t\t\t<\/div>\n\t\t\t\t<div class=\"elementor-element elementor-element-e2d91f6 elementor-widget elementor-widget-heading\" data-id=\"e2d91f6\" data-element_type=\"widget\" data-widget_type=\"heading.default\">\n\t\t\t\t<div class=\"elementor-widget-container\">\n\t\t\t\t\t<div class=\"elementor-heading-title elementor-size-default\"><a href=\"https:\/\/rossellaboscolo.com\/privacy-policy\/\" target=\"_blank\">PRIVACY POLICY<\/a> | <a href=\"https:\/\/rossellaboscolo.com\/cookie-policy\/\" target=\"_blank\">COOKIE POLICY<\/a><\/div>\t\t\t\t<\/div>\n\t\t\t\t<\/div>\n\t\t\t\t<\/div>\n\t\t\t\t<\/div>\n\t\t\t\t\t<\/div>\n\t\t\t\t<\/div>\n\t\t\t\t<\/div>\n\t\t","protected":false},"excerpt":{"rendered":"<p>SEI DENTRO LO SPAZIO La tua candidatura \u00e8 stata ricevuta. Non \u00e8 un caso che tu sia arrivata fin qui. Rossella legger\u00e0 con attenzione la tua candidatura e ti scriver\u00e0 presto con il link per prenotare la chiamata di allineamento. Da qui, tutto \u00e8 possibile. ROSSELLA BOSCOLO INTERNATIONAL LTD REG. N. HE 455310 &#8211; CY60042547U &hellip; <a href=\"https:\/\/rossellaboscolo.com\/it\/ty-divine-leader-mastermind\/\" class=\"more-link\">Continue reading <span class=\"screen-reader-text\">DIVINE LEADER &#8211; MASTERMIND &#8211; [TY PAGE]<\/span><\/a><\/p>\n","protected":false},"author":184,"featured_media":0,"parent":0,"menu_order":0,"comment_status":"closed","ping_status":"closed","template":"elementor_canvas","meta":{"footnotes":""},"class_list":["post-14089","page","type-page","status-publish","hentry"],"_links":{"self":[{"href":"https:\/\/rossellaboscolo.com\/it\/wp-json\/wp\/v2\/pages\/14089","targetHints":{"allow":["GET"]}}],"collection":[{"href":"https:\/\/rossellaboscolo.com\/it\/wp-json\/wp\/v2\/pages"}],"about":[{"href":"https:\/\/rossellaboscolo.com\/it\/wp-json\/wp\/v2\/types\/page"}],"author":[{"embeddable":true,"href":"https:\/\/rossellaboscolo.com\/it\/wp-json\/wp\/v2\/users\/184"}],"replies":[{"embeddable":true,"href":"https:\/\/rossellaboscolo.com\/it\/wp-json\/wp\/v2\/comments?post=14089"}],"version-history":[{"count":25,"href":"https:\/\/rossellaboscolo.com\/it\/wp-json\/wp\/v2\/pages\/14089\/revisions"}],"predecessor-version":[{"id":14290,"href":"https:\/\/rossellaboscolo.com\/it\/wp-json\/wp\/v2\/pages\/14089\/revisions\/14290"}],"wp:attachment":[{"href":"https:\/\/rossellaboscolo.com\/it\/wp-json\/wp\/v2\/media?parent=14089"}],"curies":[{"name":"wp","href":"https:\/\/api.w.org\/{rel}","templated":true}]}}