{"id":238,"date":"2023-12-21T07:04:03","date_gmt":"2023-12-21T06:04:03","guid":{"rendered":"https:\/\/rossellaboscolo.com\/?page_id=238"},"modified":"2025-06-26T10:57:40","modified_gmt":"2025-06-26T09:57:40","slug":"chi-sono","status":"publish","type":"page","link":"https:\/\/rossellaboscolo.com\/it\/chi-sono\/","title":{"rendered":"Chi Sono"},"content":{"rendered":"\t\t<div data-elementor-type=\"wp-post\" data-elementor-id=\"238\" class=\"elementor elementor-238 elementor-847\" data-elementor-post-type=\"page\">\n\t\t\t\t<div class=\"elementor-element elementor-element-3c859b1 animated-slow e-con-full e-flex e-con e-parent\" data-id=\"3c859b1\" data-element_type=\"container\" data-settings=\"{&quot;animation&quot;:&quot;none&quot;}\">\n\t\t\t\t<div class=\"elementor-element elementor-element-db50535 animated-slow elementor-hidden-mobile elementor-invisible elementor-widget elementor-widget-image\" data-id=\"db50535\" data-element_type=\"widget\" data-settings=\"{&quot;_animation&quot;:&quot;fadeIn&quot;}\" data-widget_type=\"image.default\">\n\t\t\t\t<div class=\"elementor-widget-container\">\n\t\t\t\t\t\t\t\t\t\t\t\t\t\t\t<img fetchpriority=\"high\" decoding=\"async\" width=\"1640\" height=\"856\" src=\"https:\/\/rossellaboscolo.com\/wp-content\/uploads\/2024\/11\/41.jpg\" class=\"attachment-full size-full wp-image-8729\" alt=\"\" \/>\t\t\t\t\t\t\t\t\t\t\t\t\t\t\t<\/div>\n\t\t\t\t<\/div>\n\t\t\t\t<div class=\"elementor-element elementor-element-431b42e animated-slow elementor-hidden-desktop elementor-hidden-tablet elementor-invisible elementor-widget elementor-widget-image\" data-id=\"431b42e\" data-element_type=\"widget\" data-settings=\"{&quot;_animation&quot;:&quot;fadeIn&quot;}\" data-widget_type=\"image.default\">\n\t\t\t\t<div class=\"elementor-widget-container\">\n\t\t\t\t\t\t\t\t\t\t\t\t\t\t\t<img decoding=\"async\" width=\"1080\" height=\"1080\" src=\"https:\/\/rossellaboscolo.com\/wp-content\/uploads\/2024\/11\/17.jpg\" class=\"attachment-full size-full wp-image-8600\" alt=\"\" \/>\t\t\t\t\t\t\t\t\t\t\t\t\t\t\t<\/div>\n\t\t\t\t<\/div>\n\t\t\t\t<div class=\"elementor-element elementor-element-194727d elementor-align-center elementor-mobile-align-center elementor-widget elementor-widget-button\" data-id=\"194727d\" data-element_type=\"widget\" data-widget_type=\"button.default\">\n\t\t\t\t<div class=\"elementor-widget-container\">\n\t\t\t\t\t\t\t\t\t<div class=\"elementor-button-wrapper\">\n\t\t\t\t\t<a class=\"elementor-button elementor-button-link elementor-size-sm\" href=\"https:\/\/rossellaboscolo.com\/it\/fai-brillare-la-tua-luce\/\">\n\t\t\t\t\t\t<span class=\"elementor-button-content-wrapper\">\n\t\t\t\t\t\t\t\t\t<span class=\"elementor-button-text\">Prenota la tua chiamata di approfondimento<\/span>\n\t\t\t\t\t<\/span>\n\t\t\t\t\t<\/a>\n\t\t\t\t<\/div>\n\t\t\t\t\t\t\t\t<\/div>\n\t\t\t\t<\/div>\n\t\t\t\t<\/div>\n\t\t<div class=\"elementor-element elementor-element-8d143f6 animated-slow e-flex e-con-boxed elementor-invisible e-con e-parent\" data-id=\"8d143f6\" data-element_type=\"container\" data-settings=\"{&quot;animation&quot;:&quot;fadeIn&quot;}\">\n\t\t\t\t\t<div class=\"e-con-inner\">\n\t\t\t\t<div class=\"elementor-element elementor-element-d12993f animated-slow elementor-invisible elementor-widget elementor-widget-heading\" data-id=\"d12993f\" data-element_type=\"widget\" data-settings=\"{&quot;_animation&quot;:&quot;fadeIn&quot;}\" data-widget_type=\"heading.default\">\n\t\t\t\t<div class=\"elementor-widget-container\">\n\t\t\t\t\t<h2 class=\"elementor-heading-title elementor-size-default\">Sono un\u2019esploratrice, una coach, <span style=\"background-color: var(--bs-body-bg)\">una guida, <\/span><span style=\"background-color: var(--bs-body-bg)\">una ricercatrice, un\u2019anima libera.<\/span><br>Supporto potenti espansioni di business che sono l\u2019inevitabile riflesso di una <br>profonda connessione interiore, con l\u2019essenza divina<\/h2>\t\t\t\t<\/div>\n\t\t\t\t<\/div>\n\t\t\t\t\t<\/div>\n\t\t\t\t<\/div>\n\t\t<div class=\"elementor-element elementor-element-2cc77e0 e-flex e-con-boxed e-con e-parent\" data-id=\"2cc77e0\" data-element_type=\"container\">\n\t\t\t\t\t<div class=\"e-con-inner\">\n\t\t<div class=\"elementor-element elementor-element-665ac8e e-con-full e-flex e-con e-child\" data-id=\"665ac8e\" data-element_type=\"container\">\n\t\t\t\t<div class=\"elementor-element elementor-element-a38afaf animated-slow elementor-widget__width-initial elementor-invisible elementor-widget elementor-widget-text-editor\" data-id=\"a38afaf\" data-element_type=\"widget\" data-settings=\"{&quot;_animation&quot;:&quot;fadeIn&quot;}\" data-widget_type=\"text-editor.default\">\n\t\t\t\t<div class=\"elementor-widget-container\">\n\t\t\t\t\t\t\t\t\t<p><b>Conduco imprenditori visionari, anime coraggiose e tutti coloro che sanno di essere qui con un compito e che desiderano far sentire la propria voce esprimendo la propria unicit\u00e0<\/b><\/p><p><b>\u00a0<\/b><\/p><p>Lavoro con tutti coloro che scelgono di scommettere su di s\u00e9 ad un nuovo livello (coach, consulenti, terapeuti e chi sente semplicemente il richiamo della mia energia).<\/p><p>\u00a0<\/p><p><b>I miei clienti accedono ad una nuova visione di s\u00e9,<\/b> trasformando completamente la loro vita, accedono ad un nuovo modo di fare impresa e di vendere, <b>liberano il flusso del denaro nella loro vita.<\/b><\/p><p>\u00a0<\/p><p>Questo tipo di espansione \u00e8 il risultato di un autoriconoscimento potente, di un accesso alla propria forma divina e luminosa che permette di vedere<b> la natura essenziale del denaro, componente imprescindibile della prosperit\u00e0 della terra.<\/b><\/p><p>\u00a0<\/p><p>La prima parte della mia vita \u00e8 una preparazione a ci\u00f2 che svolgo ora. Gli studi (laurea in economia e commercio, master MBA) <i>mi conducono prima in una multinazionale e poi nel pi\u00f9 grande gruppo bancario italiano dove lavoro circa 20 anni. <\/i>La certezza di essere qui per qualcosa di pi\u00f9 grande e una costante mancanza di senso mi accompagnano e spingono a cercare e formarmi come counselor, coach (Executive Coach per diversi anni in banca) e psicologa. A un passo dalla laurea magistrale, comprendo tuttavia che non \u00e8 in quel nuovo titolo la chiave.<\/p><p>\u00a0<\/p><p><b>Nel 2022 avvio il mio business con un modello scalabile e high ticket,<\/b> cambio vita e lascio tutto alle spalle: ogni certezza e punto di riferimento, il lavoro in banca, gli studi universitari.<\/p><p>\u00a0<\/p><p>Tra il primo anno di avviamento e i due successivi di espansione, <strong>r<\/strong><b>aggiungo i primi 300k di fatturato lavorando qualche ora al giorno e viaggiando molto<\/b>, trovando piena realizzazione nel supportare i miei clienti nelle loro straordinarie trasformazioni,\u00a0<span style=\"background-color: var(--bs-body-bg);\">grazie a piena coerenza ed integrit\u00e0 che rendono potente il mio messaggio.<\/span><\/p><p><span style=\"background-color: var(--bs-body-bg);\">\u00a0<\/span><\/p><p><i>Il coraggio di dire e dirsi la verit\u00e0, lo sblocco di saggezza antica che sono qui a testimoniare.<\/i><\/p><p>\u00a0<\/p><p><b>Il passaggio successivo?<\/b><\/p><p>Qualunque cosa tu stia gi\u00e0 realizzando, puoi crescere da un profondo stato di pace da cui tutto ha origine.<\/p><p>Si tratta di accedere a Te, oltre ci\u00f2 che finora hai conosciuto. E\u2019 tutto dentro di te.<\/p><p>\u00a0<\/p><center><strong>Questo \u00e8 ci\u00f2 che insegno<\/strong><\/center>\t\t\t\t\t\t\t\t<\/div>\n\t\t\t\t<\/div>\n\t\t\t\t<div class=\"elementor-element elementor-element-0f48dbf elementor-align-center elementor-mobile-align-center elementor-widget elementor-widget-button\" data-id=\"0f48dbf\" data-element_type=\"widget\" data-widget_type=\"button.default\">\n\t\t\t\t<div class=\"elementor-widget-container\">\n\t\t\t\t\t\t\t\t\t<div class=\"elementor-button-wrapper\">\n\t\t\t\t\t<a class=\"elementor-button elementor-button-link elementor-size-sm\" href=\"https:\/\/rossellaboscolo.com\/it\/fai-brillare-la-tua-luce\/\">\n\t\t\t\t\t\t<span class=\"elementor-button-content-wrapper\">\n\t\t\t\t\t\t\t\t\t<span class=\"elementor-button-text\">Prenota la tua chiamata di approfondimento<\/span>\n\t\t\t\t\t<\/span>\n\t\t\t\t\t<\/a>\n\t\t\t\t<\/div>\n\t\t\t\t\t\t\t\t<\/div>\n\t\t\t\t<\/div>\n\t\t\t\t<\/div>\n\t\t<div class=\"elementor-element elementor-element-a8b499c e-con-full e-flex e-con e-child\" data-id=\"a8b499c\" data-element_type=\"container\" data-settings=\"{&quot;background_background&quot;:&quot;classic&quot;}\">\n\t\t\t\t<\/div>\n\t\t\t\t\t<\/div>\n\t\t\t\t<\/div>\n\t\t<div class=\"elementor-element elementor-element-67c10be animated-slow e-flex e-con-boxed elementor-invisible e-con e-parent\" data-id=\"67c10be\" data-element_type=\"container\" data-settings=\"{&quot;animation&quot;:&quot;fadeIn&quot;}\">\n\t\t\t\t\t<div class=\"e-con-inner\">\n\t\t<div class=\"elementor-element elementor-element-b287e15 animated-slow e-con-full e-flex elementor-invisible e-con e-child\" data-id=\"b287e15\" data-element_type=\"container\" data-settings=\"{&quot;animation&quot;:&quot;fadeIn&quot;}\">\n\t\t<div class=\"elementor-element elementor-element-1e62647 animated-slow e-flex e-con-boxed elementor-invisible e-con e-child\" data-id=\"1e62647\" data-element_type=\"container\" data-settings=\"{&quot;animation&quot;:&quot;fadeIn&quot;}\">\n\t\t\t\t\t<div class=\"e-con-inner\">\n\t\t<div class=\"elementor-element elementor-element-dbaee4e animated-slow e-flex e-con-boxed elementor-invisible e-con e-child\" data-id=\"dbaee4e\" data-element_type=\"container\" data-settings=\"{&quot;animation&quot;:&quot;fadeIn&quot;}\">\n\t\t\t\t\t<div class=\"e-con-inner\">\n\t\t\t\t<div class=\"elementor-element elementor-element-c3a9a80 elementor-widget elementor-widget-image\" data-id=\"c3a9a80\" data-element_type=\"widget\" data-widget_type=\"image.default\">\n\t\t\t\t<div class=\"elementor-widget-container\">\n\t\t\t\t\t\t\t\t\t\t\t\t\t\t\t<img decoding=\"async\" width=\"126\" height=\"92\" src=\"https:\/\/rossellaboscolo.com\/wp-content\/uploads\/2024\/01\/virgolette-1.png\" class=\"attachment-medium_large size-medium_large wp-image-2135\" alt=\"\" \/>\t\t\t\t\t\t\t\t\t\t\t\t\t\t\t<\/div>\n\t\t\t\t<\/div>\n\t\t\t\t<div class=\"elementor-element elementor-element-2817fc6 elementor-testimonial--skin-default elementor-testimonial--layout-image_inline elementor-testimonial--align-center elementor-arrows-yes elementor-pagination-type-bullets elementor-widget elementor-widget-testimonial-carousel\" data-id=\"2817fc6\" data-element_type=\"widget\" data-settings=\"{&quot;space_between&quot;:{&quot;unit&quot;:&quot;px&quot;,&quot;size&quot;:0,&quot;sizes&quot;:[]},&quot;show_arrows&quot;:&quot;yes&quot;,&quot;pagination&quot;:&quot;bullets&quot;,&quot;speed&quot;:500,&quot;autoplay&quot;:&quot;yes&quot;,&quot;autoplay_speed&quot;:5000,&quot;loop&quot;:&quot;yes&quot;,&quot;pause_on_hover&quot;:&quot;yes&quot;,&quot;pause_on_interaction&quot;:&quot;yes&quot;,&quot;space_between_tablet&quot;:{&quot;unit&quot;:&quot;px&quot;,&quot;size&quot;:10,&quot;sizes&quot;:[]},&quot;space_between_mobile&quot;:{&quot;unit&quot;:&quot;px&quot;,&quot;size&quot;:10,&quot;sizes&quot;:[]}}\" data-widget_type=\"testimonial-carousel.default\">\n\t\t\t\t<div class=\"elementor-widget-container\">\n\t\t\t\t\t\t\t\t\t<div class=\"elementor-swiper\">\n\t\t\t\t\t<div class=\"elementor-main-swiper swiper\" role=\"region\" aria-roledescription=\"carousel\" aria-label=\"Slides\">\n\t\t\t\t<div class=\"swiper-wrapper\">\n\t\t\t\t\t\t\t\t\t\t\t<div class=\"swiper-slide\" role=\"group\" aria-roledescription=\"slide\">\n\t\t\t\t\t\t\t\t\t<div class=\"elementor-testimonial\">\n\t\t\t\t\t\t\t<div class=\"elementor-testimonial__content\">\n\t\t\t\t\t<div class=\"elementor-testimonial__text\">\n\t\t\t\t\t\tRossella \u00e8 una guida e mentore eccellente! Una grande visionaria, Un'anima pura in grado di vedere e condurti oltre. Potenzia e concretamente ti da gli strumenti necessari per evolvere nel tuo business e non solo... Da quando sono seguita da lei la mia vita nel mio business si \u00e8 stravolta! Sono arrivati a me clienti di gran livello innanzitutto come persone e aperte al cambiamento e alla trasformazione.\nLei \u00e8 presente, sa ascoltare e sa cosa dirti e come per fare breccia e farti fare quel salto evolutivo di cui hai bisogno.\nSono grata e onorata di averti incontrato con tutto il mio cuore.\t\t\t\t\t<\/div>\n\t\t\t\t\t\t\t\t\t<\/div>\n\t\t\t\t\t\t<div class=\"elementor-testimonial__footer\">\n\t\t\t\t\t\t\t\t<cite class=\"elementor-testimonial__cite\"><span class=\"elementor-testimonial__name\">Alessandra<\/span><\/cite>\t\t\t<\/div>\n\t\t<\/div>\n\t\t\t\t\t\t\t\t<\/div>\n\t\t\t\t\t\t\t\t\t\t\t<div class=\"swiper-slide\" role=\"group\" aria-roledescription=\"slide\">\n\t\t\t\t\t\t\t\t\t<div class=\"elementor-testimonial\">\n\t\t\t\t\t\t\t<div class=\"elementor-testimonial__content\">\n\t\t\t\t\t<div class=\"elementor-testimonial__text\">\n\t\t\t\t\t\tRossella \u00e8 una Benedizione, una Guida chiara, Vera.\nDi quelle senza giri di parole e che, con poche, arriva dritta al punto di quello che ti serve per connetterti con la tua Essenza, il tuo business, il tuo sogno.\nSono arrivata a lei in un momento davvero molto determinato della mia vita e, in pochissimo tempo, ho chiarito la mia rotta, il mio perch\u00e8, ho fatto pulizie di schemi mentali, resistenze e paure e mi sono arricchita di consapevolezze che stanno favorendo il mio business. Che si era ingolfato.\nGrazie a lei, alla sua Energia, ai suoi insegnamenti sto ritrovando il piacere, l'Amore e l'ambizione di un lavoro fatto con autenticit\u00e0, con cuore. La sua Guida, la sua presenza, persino il suo silenzio sa essere perfettamente Elevante e Responsabilizzante.\n\u00c8 una Benedizione averla incontrata, contatta e essere nei suoi percorsi.\nPer chiunque voglia DAVVERO trasformare business e vita.\nGrazie Rossella.\t\t\t\t\t<\/div>\n\t\t\t\t\t\t\t\t\t<\/div>\n\t\t\t\t\t\t<div class=\"elementor-testimonial__footer\">\n\t\t\t\t\t\t\t\t<cite class=\"elementor-testimonial__cite\"><span class=\"elementor-testimonial__name\">Simona<\/span><\/cite>\t\t\t<\/div>\n\t\t<\/div>\n\t\t\t\t\t\t\t\t<\/div>\n\t\t\t\t\t\t\t\t\t\t\t<div class=\"swiper-slide\" role=\"group\" aria-roledescription=\"slide\">\n\t\t\t\t\t\t\t\t\t<div class=\"elementor-testimonial\">\n\t\t\t\t\t\t\t<div class=\"elementor-testimonial__content\">\n\t\t\t\t\t<div class=\"elementor-testimonial__text\">\n\t\t\t\t\t\tGrazie per il prezioso percorso, ricco di spunti, sollecitazioni e stimoli per la coscienza. Grazie alla tua preziosa e potente energia hai attivato molte parti di me che attendevano di venire alla luce.\nQuello che fai \u00e8 prezioso, tirare fuori le parti migliori di noi, la loro forza al di l\u00e0 delle maschere. \nGrazie di cuore.\n\t\t\t\t\t<\/div>\n\t\t\t\t\t\t\t\t\t<\/div>\n\t\t\t\t\t\t<div class=\"elementor-testimonial__footer\">\n\t\t\t\t\t\t\t\t<cite class=\"elementor-testimonial__cite\"><span class=\"elementor-testimonial__name\">Micaela<\/span><\/cite>\t\t\t<\/div>\n\t\t<\/div>\n\t\t\t\t\t\t\t\t<\/div>\n\t\t\t\t\t\t\t\t\t\t\t<div class=\"swiper-slide\" role=\"group\" aria-roledescription=\"slide\">\n\t\t\t\t\t\t\t\t\t<div class=\"elementor-testimonial\">\n\t\t\t\t\t\t\t<div class=\"elementor-testimonial__content\">\n\t\t\t\t\t<div class=\"elementor-testimonial__text\">\n\t\t\t\t\t\tIncontrare Rossella nel mio cammino professionale, ed anche umano, \u00e8 stata una vera benedizione. Mi ha condotta verso una dimensione del fare azione consapevole e non dare nulla per scontato soprattutto me. A riconoscere la mia energia, il mio perch\u00e9 \u00e8 ricollegare tutto ad una visione di vita che da molto tempo voleva manifestarsi. Grazie.\t\t\t\t\t<\/div>\n\t\t\t\t\t\t\t\t\t<\/div>\n\t\t\t\t\t\t<div class=\"elementor-testimonial__footer\">\n\t\t\t\t\t\t\t\t<cite class=\"elementor-testimonial__cite\"><span class=\"elementor-testimonial__name\">Roberta<\/span><\/cite>\t\t\t<\/div>\n\t\t<\/div>\n\t\t\t\t\t\t\t\t<\/div>\n\t\t\t\t\t\t\t\t\t\t\t<div class=\"swiper-slide\" role=\"group\" aria-roledescription=\"slide\">\n\t\t\t\t\t\t\t\t\t<div class=\"elementor-testimonial\">\n\t\t\t\t\t\t\t<div class=\"elementor-testimonial__content\">\n\t\t\t\t\t<div class=\"elementor-testimonial__text\">\n\t\t\t\t\t\tQuanto \u00e8 stato ricco questo percorso, veramente! \u00c8 come la neve quando cade...non la vedi quasi fino a quando non si poggia a terra, tutta insieme. Sento che ora sono in grado di sintonizzarmi molto pi\u00f9 spesso su frequenze nuove per me: frequenze dell'amore, del servizio, pi\u00f9 elevate. Ogni volta che riascolto le sessioni, mi arrivano nuovi spunti, sempre in modo diverso.\nSento che mi sto avvicinando a una modalit\u00e0 fluida, pulita e vera di comunicare!\nTi ringrazio nuovamente.  Credo che il lavoro che fai abbia un valore eccezionale e fai bene a mantenere prezzi elevati!\t\t\t\t\t<\/div>\n\t\t\t\t\t\t\t\t\t<\/div>\n\t\t\t\t\t\t<div class=\"elementor-testimonial__footer\">\n\t\t\t\t\t\t\t\t<cite class=\"elementor-testimonial__cite\"><span class=\"elementor-testimonial__name\">Eva<\/span><\/cite>\t\t\t<\/div>\n\t\t<\/div>\n\t\t\t\t\t\t\t\t<\/div>\n\t\t\t\t\t\t\t\t\t\t\t<div class=\"swiper-slide\" role=\"group\" aria-roledescription=\"slide\">\n\t\t\t\t\t\t\t\t\t<div class=\"elementor-testimonial\">\n\t\t\t\t\t\t\t<div class=\"elementor-testimonial__content\">\n\t\t\t\t\t<div class=\"elementor-testimonial__text\">\n\t\t\t\t\t\tPotrei scrivere un poema per quanto ho realizzato con Rossella\nIn due mesi di percorso ho attivato quello che non avevo fatto in anni di lavoro su di me, e non sto esagerando.\nIn particolare due elementi per me sono stati fondamentali: Rossella c\u2019\u00e8 e Rossella sa.\nLei c\u2019\u00e8 e quando \u00e8 l\u00ec per me la sua presenza \u00e8 completa, integra, non so come spiegarlo. Ho avuto altre esperienze e posso dire che non \u00e8 cos\u00ec scontato. Rossella c\u2019\u00e8 anche quando non \u00e8 l\u00ec presente, lo percepisco.\nNel percorso di gruppo mi sento seguita come se fossi in un percorso individuale, con in pi\u00f9 la ricchezza della relazione con il gruppo, che per come lo conduce lei non \u00e8 esperienza da poco.\nRossella sa. Sa quando \u00e8 il momento di spronarti, sa quando hai bisogno di essere supportata e sa quando \u00e8 necessario che tu ci arrivi da sola, anche se sola con lei non lo sei mai.\nPer questo e per altro non la ringrazier\u00f2 mai abbastanza\nRossella \u00e8 potenza e amore, \u00e8 autorevolezza che non ha bisogno di conferme.\nCome Regina del suo Regno \u00e8 l\u00ec per condurre coloro che si rivolgono a lei a divenire altrettanti Re e Regine, non solo del proprio business, ma di tutto il loro Regno.\n\t\t\t\t\t<\/div>\n\t\t\t\t\t\t\t\t\t<\/div>\n\t\t\t\t\t\t<div class=\"elementor-testimonial__footer\">\n\t\t\t\t\t\t\t\t<cite class=\"elementor-testimonial__cite\"><span class=\"elementor-testimonial__name\">Manuela<\/span><\/cite>\t\t\t<\/div>\n\t\t<\/div>\n\t\t\t\t\t\t\t\t<\/div>\n\t\t\t\t\t\t\t\t\t\t\t<div class=\"swiper-slide\" role=\"group\" aria-roledescription=\"slide\">\n\t\t\t\t\t\t\t\t\t<div class=\"elementor-testimonial\">\n\t\t\t\t\t\t\t<div class=\"elementor-testimonial__content\">\n\t\t\t\t\t<div class=\"elementor-testimonial__text\">\n\t\t\t\t\t\tHo capito che il mio business (con cui, per anni, ho vissuto a stento) era il mio Maestro: mi stava GI\u00c0 mostrando tutte le situazioni di blocco che avevo con il denaro. Ma che io sceglievo, pi\u00f9 o meno consapevolmente, di non vederle.\n Ho compreso che il denaro richiede generosit\u00e0, che il Lusso non deve essere la mia gabbia dorata della sicurezza, ma un modo nuovo con cui giocare nella vita.\n L'ho sentito di nuovo tutto, pi\u00f9 potente, pi\u00f9 incredibile e vibrante. Al Centro. Ecco, credo che questo sia il modo in cui posso definirlo meglio: l'ho rimesso al Centro. \ud83d\udc9a\nMi sono dinuovo Innamorata in maniera incredibile del mio Perch\u00e9. \ud83d\udc9a\n Grazie per la Potenza del tuo messaggio  \ud83d\udc9a\ud83d\ude4f\ud83c\udffc\u2728\t\t\t\t\t<\/div>\n\t\t\t\t\t\t\t\t\t<\/div>\n\t\t\t\t\t\t<div class=\"elementor-testimonial__footer\">\n\t\t\t\t\t\t\t\t<cite class=\"elementor-testimonial__cite\"><span class=\"elementor-testimonial__name\">Simona<\/span><\/cite>\t\t\t<\/div>\n\t\t<\/div>\n\t\t\t\t\t\t\t\t<\/div>\n\t\t\t\t\t\t\t\t\t<\/div>\n\t\t\t\t\t\t\t\t\t\t\t\t\t\t\t<div class=\"elementor-swiper-button elementor-swiper-button-prev\" role=\"button\" tabindex=\"0\" aria-label=\"Precedente\">\n\t\t\t\t\t\t\t<svg aria-hidden=\"true\" class=\"e-font-icon-svg e-eicon-chevron-left\" viewBox=\"0 0 1000 1000\" xmlns=\"http:\/\/www.w3.org\/2000\/svg\"><path d=\"M646 125C629 125 613 133 604 142L308 442C296 454 292 471 292 487 292 504 296 521 308 533L604 854C617 867 629 875 646 875 663 875 679 871 692 858 704 846 713 829 713 812 713 796 708 779 692 767L438 487 692 225C700 217 708 204 708 187 708 171 704 154 692 142 675 129 663 125 646 125Z\"><\/path><\/svg>\t\t\t\t\t\t<\/div>\n\t\t\t\t\t\t<div class=\"elementor-swiper-button elementor-swiper-button-next\" role=\"button\" tabindex=\"0\" aria-label=\"Successivo\">\n\t\t\t\t\t\t\t<svg aria-hidden=\"true\" class=\"e-font-icon-svg e-eicon-chevron-right\" viewBox=\"0 0 1000 1000\" xmlns=\"http:\/\/www.w3.org\/2000\/svg\"><path d=\"M696 533C708 521 713 504 713 487 713 471 708 454 696 446L400 146C388 133 375 125 354 125 338 125 325 129 313 142 300 154 292 171 292 187 292 204 296 221 308 233L563 492 304 771C292 783 288 800 288 817 288 833 296 850 308 863 321 871 338 875 354 875 371 875 388 867 400 854L696 533Z\"><\/path><\/svg>\t\t\t\t\t\t<\/div>\n\t\t\t\t\t\t\t\t\t\t\t\t\t\t\t\t<div class=\"swiper-pagination\"><\/div>\n\t\t\t\t\t\t\t\t\t\t\t\t<\/div>\n\t\t\t\t<\/div>\n\t\t\t\t\t\t\t\t<\/div>\n\t\t\t\t<\/div>\n\t\t\t\t\t<\/div>\n\t\t\t\t<\/div>\n\t\t\t\t\t<\/div>\n\t\t\t\t<\/div>\n\t\t\t\t<\/div>\n\t\t\t\t\t<\/div>\n\t\t\t\t<\/div>\n\t\t<div class=\"elementor-element elementor-element-70afbff animated-slow e-flex e-con-boxed elementor-invisible e-con e-parent\" data-id=\"70afbff\" data-element_type=\"container\" data-settings=\"{&quot;animation&quot;:&quot;fadeIn&quot;}\">\n\t\t\t\t\t<div class=\"e-con-inner\">\n\t\t<div class=\"elementor-element elementor-element-3126060 e-con-full e-flex e-con e-child\" data-id=\"3126060\" data-element_type=\"container\" data-settings=\"{&quot;background_background&quot;:&quot;classic&quot;}\">\n\t\t\t\t<div class=\"elementor-element elementor-element-86051fb elementor-widget elementor-widget-heading\" data-id=\"86051fb\" data-element_type=\"widget\" data-widget_type=\"heading.default\">\n\t\t\t\t<div class=\"elementor-widget-container\">\n\t\t\t\t\t<h2 class=\"elementor-heading-title elementor-size-default\">ACCEDI ALLA FREE MASTERCLASS\n<\/h2>\t\t\t\t<\/div>\n\t\t\t\t<\/div>\n\t\t\t\t<div class=\"elementor-element elementor-element-117759f elementor-widget__width-initial elementor-widget elementor-widget-text-editor\" data-id=\"117759f\" data-element_type=\"widget\" data-widget_type=\"text-editor.default\">\n\t\t\t\t<div class=\"elementor-widget-container\">\n\t\t\t\t\t\t\t\t\t                <div class=\"ml-embedded\" data-form=\"RXiyhB\"><\/div>\n            \t\t\t\t\t\t\t\t<\/div>\n\t\t\t\t<\/div>\n\t\t\t\t<\/div>\n\t\t\t\t\t<\/div>\n\t\t\t\t<\/div>\n\t\t\t\t<\/div>\n\t\t","protected":false},"excerpt":{"rendered":"<p>Prenota la tua chiamata di approfondimento Sono un\u2019esploratrice, una coach, una guida, una ricercatrice, un\u2019anima libera.Supporto potenti espansioni di business che sono l\u2019inevitabile riflesso di una profonda connessione interiore, con l\u2019essenza divina Conduco imprenditori visionari, anime coraggiose e tutti coloro che sanno di essere qui con un compito e che desiderano far sentire la propria &hellip; <a href=\"https:\/\/rossellaboscolo.com\/it\/chi-sono\/\" class=\"more-link\">Continue reading <span class=\"screen-reader-text\">Chi Sono<\/span><\/a><\/p>\n","protected":false},"author":2,"featured_media":0,"parent":0,"menu_order":0,"comment_status":"closed","ping_status":"closed","template":"elementor_header_footer","meta":{"footnotes":""},"class_list":["post-238","page","type-page","status-publish","hentry"],"_links":{"self":[{"href":"https:\/\/rossellaboscolo.com\/it\/wp-json\/wp\/v2\/pages\/238","targetHints":{"allow":["GET"]}}],"collection":[{"href":"https:\/\/rossellaboscolo.com\/it\/wp-json\/wp\/v2\/pages"}],"about":[{"href":"https:\/\/rossellaboscolo.com\/it\/wp-json\/wp\/v2\/types\/page"}],"author":[{"embeddable":true,"href":"https:\/\/rossellaboscolo.com\/it\/wp-json\/wp\/v2\/users\/2"}],"replies":[{"embeddable":true,"href":"https:\/\/rossellaboscolo.com\/it\/wp-json\/wp\/v2\/comments?post=238"}],"version-history":[{"count":151,"href":"https:\/\/rossellaboscolo.com\/it\/wp-json\/wp\/v2\/pages\/238\/revisions"}],"predecessor-version":[{"id":9993,"href":"https:\/\/rossellaboscolo.com\/it\/wp-json\/wp\/v2\/pages\/238\/revisions\/9993"}],"wp:attachment":[{"href":"https:\/\/rossellaboscolo.com\/it\/wp-json\/wp\/v2\/media?parent=238"}],"curies":[{"name":"wp","href":"https:\/\/api.w.org\/{rel}","templated":true}]}}