{"id":2659,"date":"2024-01-25T13:58:00","date_gmt":"2024-01-25T12:58:00","guid":{"rendered":"https:\/\/rossellaboscolo.com\/?page_id=2659"},"modified":"2024-01-26T15:31:37","modified_gmt":"2024-01-26T14:31:37","slug":"fai-brillare-la-tua-luce","status":"publish","type":"page","link":"https:\/\/rossellaboscolo.com\/it\/fai-brillare-la-tua-luce\/","title":{"rendered":"Fai brillare la tua luce"},"content":{"rendered":"\t\t<div data-elementor-type=\"wp-post\" data-elementor-id=\"2659\" class=\"elementor elementor-2659\" data-elementor-post-type=\"page\">\n\t\t\t\t<div class=\"elementor-element elementor-element-147b94c e-flex e-con-boxed e-con e-parent\" data-id=\"147b94c\" data-element_type=\"container\">\n\t\t\t\t\t<div class=\"e-con-inner\">\n\t\t\t\t<div class=\"elementor-element elementor-element-f9801d3 elementor-widget__width-inherit animated-slow elementor-invisible elementor-widget elementor-widget-tbay-heading\" data-id=\"f9801d3\" data-element_type=\"widget\" data-settings=\"{&quot;_animation&quot;:&quot;fadeIn&quot;}\" data-widget_type=\"tbay-heading.default\">\n\t\t\t\t<div class=\"elementor-widget-container\">\n\t\t\t\t\t\r\n<div class=\"tbay-element tbay-element-heading\">\r\n\t\t\t\t<h3 class=\"heading-tbay-title style-1\">\r\n                \r\n                 \r\n\r\n\t\t\t\t\t\t\t\t\t<span class=\"title\">FAI BRILLARE LA TUA LUCE<\/span>\r\n\t\t\t\t\t    \t\r\n\r\n                \r\n                <i aria-hidden=\"true\" class=\"tb-icon tb-icon-check-circle\"><\/i>\r\n\t\t\t<\/h3>\r\n        <\/div>\t\t\t\t<\/div>\n\t\t\t\t<\/div>\n\t\t\t\t\t<\/div>\n\t\t\t\t<\/div>\n\t\t<div class=\"elementor-element elementor-element-6e5aaaf e-flex e-con-boxed e-con e-parent\" data-id=\"6e5aaaf\" data-element_type=\"container\">\n\t\t\t\t\t<div class=\"e-con-inner\">\n\t\t\t\t<div class=\"elementor-element elementor-element-d83de07 elementor-widget__width-inherit elementor-widget elementor-widget-text-editor\" data-id=\"d83de07\" data-element_type=\"widget\" data-widget_type=\"text-editor.default\">\n\t\t\t\t<div class=\"elementor-widget-container\">\n\t\t\t\t\t\t\t\t\t<p>Compila il form qui sotto per sottoporre la tua candidatura.<\/p>\t\t\t\t\t\t\t\t<\/div>\n\t\t\t\t<\/div>\n\t\t\t\t\t<\/div>\n\t\t\t\t<\/div>\n\t\t<div class=\"elementor-element elementor-element-ae0e8d4 e-con-full e-flex e-con e-parent\" data-id=\"ae0e8d4\" data-element_type=\"container\">\n\t\t\t\t<div class=\"elementor-element elementor-element-42ada3a elementor-widget__width-initial elementor-widget elementor-widget-wpforms\" data-id=\"42ada3a\" data-element_type=\"widget\" data-widget_type=\"wpforms.default\">\n\t\t\t\t<div class=\"elementor-widget-container\">\n\t\t\t\t\t<style id=\"wpforms-css-vars-elementor-widget-42ada3a\">\n\t\t\t\t.elementor-widget-wpforms.elementor-element-42ada3a {\n\t\t\t\t--wpforms-field-size-input-height: 50px;\n--wpforms-field-size-input-spacing: 20px;\n--wpforms-field-size-font-size: 18px;\n--wpforms-field-size-line-height: 21px;\n--wpforms-field-size-padding-h: 14px;\n--wpforms-field-size-checkbox-size: 18px;\n--wpforms-field-size-sublabel-spacing: 10px;\n--wpforms-field-size-icon-size: 1.25;\n\t\t\t}\n\t\t\t<\/style><div class=\"wpforms-container wpforms-container-full wpforms-render-modern\" id=\"wpforms-1812\"><form id=\"wpforms-form-1812\" class=\"wpforms-validate wpforms-form wpforms-ajax-form\" data-formid=\"1812\" method=\"post\" enctype=\"multipart\/form-data\" action=\"\/it\/wp-json\/wp\/v2\/pages\/2659\" data-token=\"b00df8015f457c7808089a2756bece1d\" data-token-time=\"1776772037\"><noscript class=\"wpforms-error-noscript\">Abilita JavaScript nel browser per completare questo modulo.<\/noscript><div id=\"wpforms-error-noscript\" style=\"display: none;\">Abilita JavaScript nel browser per completare questo modulo.<\/div><div class=\"wpforms-field-container\"><div id=\"wpforms-1812-field_33-container\" class=\"wpforms-field wpforms-field-text\" data-field-id=\"33\"><label class=\"wpforms-field-label\" for=\"wpforms-1812-field_33\">Come ti chiami? <span class=\"wpforms-required-label\" aria-hidden=\"true\">*<\/span><\/label><input type=\"text\" id=\"wpforms-1812-field_33\" class=\"wpforms-field-large wpforms-field-required\" name=\"wpforms[fields][33]\" aria-errormessage=\"wpforms-1812-field_33-error\" required><\/div><div id=\"wpforms-1812-field_9-container\" class=\"wpforms-field wpforms-field-email\" data-field-id=\"9\"><label class=\"wpforms-field-label\" for=\"wpforms-1812-field_9\">Email <span class=\"wpforms-required-label\" aria-hidden=\"true\">*<\/span><\/label><input type=\"email\" id=\"wpforms-1812-field_9\" class=\"wpforms-field-large wpforms-field-required\" name=\"wpforms[fields][9]\" spellcheck=\"false\" aria-errormessage=\"wpforms-1812-field_9-error\" required><\/div><div id=\"wpforms-1812-field_40-container\" class=\"wpforms-field wpforms-field-select wpforms-field-select-style-modern\" data-field-id=\"40\"><label class=\"wpforms-field-label\" for=\"wpforms-1812-field_40\">Come mi hai conosciuta? <span class=\"wpforms-required-label\" aria-hidden=\"true\">*<\/span><\/label><select id=\"wpforms-1812-field_40\" class=\"wpforms-field-medium wpforms-field-required choicesjs-select\" data-size-class=\"wpforms-field-row wpforms-field-medium\" data-search-enabled=\"\" name=\"wpforms[fields][40]\" required=\"required\"><option value=\"\" class=\"placeholder\" disabled  selected='selected'><\/option><option value=\"Scelta 1\"  class=\"choice-1 depth-1\"  >Scelta 1<\/option><option value=\"Facebook\"  class=\"choice-2 depth-1\"  >Facebook<\/option><option value=\"Instagram\"  class=\"choice-3 depth-1\"  >Instagram<\/option><option value=\"Passaparola\"  class=\"choice-4 depth-1\"  >Passaparola<\/option><option value=\"Altro (specificare)\"  class=\"choice-5 depth-1\"  >Altro (specificare)<\/option><\/select><\/div><div id=\"wpforms-1812-field_39-container\" class=\"wpforms-field wpforms-field-textarea\" data-field-id=\"39\"><label class=\"wpforms-field-label\" for=\"wpforms-1812-field_39\">Che cosa ti porta a me? Qual \u00e8 il salto che vuoi compiere ora?  Di cosa ti occupi in particolare? <span class=\"wpforms-required-label\" aria-hidden=\"true\">*<\/span><\/label><textarea id=\"wpforms-1812-field_39\" class=\"wpforms-field-medium wpforms-field-required\" name=\"wpforms[fields][39]\" aria-errormessage=\"wpforms-1812-field_39-error\" required><\/textarea><\/div><div id=\"wpforms-1812-field_11-container\" class=\"wpforms-field wpforms-field-textarea\" data-field-id=\"11\"><label class=\"wpforms-field-label\" for=\"wpforms-1812-field_11\">Che cosa otterrai con questa trasformazione potente? <span class=\"wpforms-required-label\" aria-hidden=\"true\">*<\/span><\/label><textarea id=\"wpforms-1812-field_11\" class=\"wpforms-field-medium wpforms-field-required\" name=\"wpforms[fields][11]\" aria-errormessage=\"wpforms-1812-field_11-error\" required><\/textarea><\/div><div id=\"wpforms-1812-field_12-container\" class=\"wpforms-field wpforms-field-textarea\" data-field-id=\"12\"><label class=\"wpforms-field-label\" for=\"wpforms-1812-field_12\">Perch\u00e9 adesso \u00e8 il momento per te di fare questo salto? <span class=\"wpforms-required-label\" aria-hidden=\"true\">*<\/span><\/label><textarea id=\"wpforms-1812-field_12\" class=\"wpforms-field-medium wpforms-field-required\" name=\"wpforms[fields][12]\" aria-errormessage=\"wpforms-1812-field_12-error\" required><\/textarea><\/div><div id=\"wpforms-1812-field_13-container\" class=\"wpforms-field wpforms-field-textarea\" data-field-id=\"13\"><label class=\"wpforms-field-label\" for=\"wpforms-1812-field_13\">Che cosa porterai agli altri attraverso questa tua nuova realizzazione, grazie a questo salto? <span class=\"wpforms-required-label\" aria-hidden=\"true\">*<\/span><\/label><textarea id=\"wpforms-1812-field_13\" class=\"wpforms-field-medium wpforms-field-required\" name=\"wpforms[fields][13]\" aria-errormessage=\"wpforms-1812-field_13-error\" required><\/textarea><\/div><div id=\"wpforms-1812-field_14-container\" class=\"wpforms-field wpforms-field-textarea\" data-field-id=\"14\"><label class=\"wpforms-field-label\" for=\"wpforms-1812-field_14\">Quali passi hai gi\u00e0 compiuto nella tua vita verso questa meta? <span class=\"wpforms-required-label\" aria-hidden=\"true\">*<\/span><\/label><textarea id=\"wpforms-1812-field_14\" class=\"wpforms-field-medium wpforms-field-required\" name=\"wpforms[fields][14]\" aria-errormessage=\"wpforms-1812-field_14-error\" required><\/textarea><\/div><div id=\"wpforms-1812-field_18-container\" class=\"wpforms-field wpforms-field-textarea\" data-field-id=\"18\"><label class=\"wpforms-field-label\" for=\"wpforms-1812-field_18\">Perch\u00e9 me, perch\u00e9 senti che possa essere io a guidarti? <span class=\"wpforms-required-label\" aria-hidden=\"true\">*<\/span><\/label><textarea id=\"wpforms-1812-field_18\" class=\"wpforms-field-medium wpforms-field-required\" name=\"wpforms[fields][18]\" aria-errormessage=\"wpforms-1812-field_18-error\" required><\/textarea><\/div><div id=\"wpforms-1812-field_19-container\" class=\"wpforms-field wpforms-field-textarea\" data-field-id=\"19\"><label class=\"wpforms-field-label\" for=\"wpforms-1812-field_19\">Se hai un obiettivo di business, qual \u00e8 la tua esperienza professionale?  (es. Lezioni, conduzione gruppi,...)?  <span class=\"wpforms-required-label\" aria-hidden=\"true\">*<\/span><\/label><textarea id=\"wpforms-1812-field_19\" class=\"wpforms-field-medium wpforms-field-required\" name=\"wpforms[fields][19]\" aria-errormessage=\"wpforms-1812-field_19-error\" required><\/textarea><\/div><div id=\"wpforms-1812-field_20-container\" class=\"wpforms-field wpforms-field-textarea\" data-field-id=\"20\"><label class=\"wpforms-field-label\" for=\"wpforms-1812-field_20\">Se hai un obiettivo di business, che cosa offri di specifico attraverso i tuoi corsi\/percorsi\/lezioni? <span class=\"wpforms-required-label\" aria-hidden=\"true\">*<\/span><\/label><textarea id=\"wpforms-1812-field_20\" class=\"wpforms-field-medium wpforms-field-required\" name=\"wpforms[fields][20]\" aria-errormessage=\"wpforms-1812-field_20-error\" required><\/textarea><\/div><div id=\"wpforms-1812-field_21-container\" class=\"wpforms-field wpforms-field-textarea\" data-field-id=\"21\"><label class=\"wpforms-field-label\" for=\"wpforms-1812-field_21\">Che cosa vorresti fosse diverso nel tuo business e\/o nella tua vita? <span class=\"wpforms-required-label\" aria-hidden=\"true\">*<\/span><\/label><textarea id=\"wpforms-1812-field_21\" class=\"wpforms-field-medium wpforms-field-required\" name=\"wpforms[fields][21]\" aria-errormessage=\"wpforms-1812-field_21-error\" required><\/textarea><\/div><div id=\"wpforms-1812-field_22-container\" class=\"wpforms-field wpforms-field-textarea\" data-field-id=\"22\"><label class=\"wpforms-field-label\" for=\"wpforms-1812-field_22\">Come mai finora non sei riuscito ad ottenere ci\u00f2 che desideri? <span class=\"wpforms-required-label\" aria-hidden=\"true\">*<\/span><\/label><textarea id=\"wpforms-1812-field_22\" class=\"wpforms-field-medium wpforms-field-required\" name=\"wpforms[fields][22]\" aria-errormessage=\"wpforms-1812-field_22-error\" required><\/textarea><\/div><div id=\"wpforms-1812-field_23-container\" class=\"wpforms-field wpforms-field-textarea\" data-field-id=\"23\"><label class=\"wpforms-field-label\" for=\"wpforms-1812-field_23\">Dove vuoi essere tra 3-6 mesi? Dove ti vedi? Descrivi la tua migliore visione\/programma <span class=\"wpforms-required-label\" aria-hidden=\"true\">*<\/span><\/label><textarea id=\"wpforms-1812-field_23\" class=\"wpforms-field-medium wpforms-field-required\" name=\"wpforms[fields][23]\" aria-errormessage=\"wpforms-1812-field_23-error\" required><\/textarea><\/div><div id=\"wpforms-1812-field_24-container\" class=\"wpforms-field wpforms-field-textarea\" data-field-id=\"24\"><label class=\"wpforms-field-label\" for=\"wpforms-1812-field_24\">Se hai un business, quanto costa accedere\/frequentare i tuoi corsi\/percorsi\/lezioni? <span class=\"wpforms-required-label\" aria-hidden=\"true\">*<\/span><\/label><textarea id=\"wpforms-1812-field_24\" class=\"wpforms-field-medium wpforms-field-required\" name=\"wpforms[fields][24]\" aria-errormessage=\"wpforms-1812-field_24-error\" required><\/textarea><\/div><div id=\"wpforms-1812-field_25-container\" class=\"wpforms-field wpforms-field-textarea\" data-field-id=\"25\"><label class=\"wpforms-field-label\" for=\"wpforms-1812-field_25\">Se hai un business, qual \u00e8 il tuo fatturato degli ultimi 6 mesi? <span class=\"wpforms-required-label\" aria-hidden=\"true\">*<\/span><\/label><textarea id=\"wpforms-1812-field_25\" class=\"wpforms-field-medium wpforms-field-required\" name=\"wpforms[fields][25]\" aria-errormessage=\"wpforms-1812-field_25-error\" required><\/textarea><\/div><div id=\"wpforms-1812-field_26-container\" class=\"wpforms-field wpforms-field-select wpforms-field-select-style-modern\" data-field-id=\"26\"><label class=\"wpforms-field-label\" for=\"wpforms-1812-field_26\">Se hai un business, \u00e8 la tua attivit\u00e0 prevalente (nel senso, vivi di questo o si affianca ad un lavoro pi\u00f9 &quot;sicuro&quot;?) <span class=\"wpforms-required-label\" aria-hidden=\"true\">*<\/span><\/label><select id=\"wpforms-1812-field_26\" class=\"wpforms-field-medium wpforms-field-required choicesjs-select\" data-size-class=\"wpforms-field-row wpforms-field-medium\" data-search-enabled=\"\" name=\"wpforms[fields][26]\" required=\"required\"><option value=\"\" class=\"placeholder\" disabled  selected='selected'><\/option><option value=\"Si\"  class=\"choice-2 depth-1\"  >Si<\/option><option value=\"No\"  class=\"choice-3 depth-1\"  >No<\/option><\/select><\/div><div id=\"wpforms-1812-field_27-container\" class=\"wpforms-field wpforms-field-select wpforms-field-select-style-modern\" data-field-id=\"27\"><label class=\"wpforms-field-label\" for=\"wpforms-1812-field_27\">Se hai risposto NO alla domanda precedente, hai mai tentato seriamente di trasformarlo nel lavoro della tua vita? <span class=\"wpforms-required-label\" aria-hidden=\"true\">*<\/span><\/label><select id=\"wpforms-1812-field_27\" class=\"wpforms-field-medium wpforms-field-required choicesjs-select\" data-size-class=\"wpforms-field-row wpforms-field-medium\" data-search-enabled=\"\" name=\"wpforms[fields][27]\" required=\"required\"><option value=\"\" class=\"placeholder\" disabled  selected='selected'><\/option><option value=\"Si\"  class=\"choice-2 depth-1\"  >Si<\/option><option value=\"No\"  class=\"choice-3 depth-1\"  >No<\/option><\/select><\/div><div id=\"wpforms-1812-field_29-container\" class=\"wpforms-field wpforms-field-textarea\" data-field-id=\"29\"><label class=\"wpforms-field-label\" for=\"wpforms-1812-field_29\">Quali ostacoli e resistenze ti hanno bloccato dal realizzarlo? <span class=\"wpforms-required-label\" aria-hidden=\"true\">*<\/span><\/label><textarea id=\"wpforms-1812-field_29\" class=\"wpforms-field-medium wpforms-field-required\" name=\"wpforms[fields][29]\" aria-errormessage=\"wpforms-1812-field_29-error\" required><\/textarea><\/div><div id=\"wpforms-1812-field_30-container\" class=\"wpforms-field wpforms-field-textarea\" data-field-id=\"30\"><label class=\"wpforms-field-label\" for=\"wpforms-1812-field_30\">Parlami di te.  Che cosa ami fare, che cosa ispira la tua vita, quali sono i valori che ti guidano. <span class=\"wpforms-required-label\" aria-hidden=\"true\">*<\/span><\/label><textarea id=\"wpforms-1812-field_30\" class=\"wpforms-field-medium wpforms-field-required\" name=\"wpforms[fields][30]\" aria-errormessage=\"wpforms-1812-field_30-error\" required><\/textarea><\/div><div id=\"wpforms-1812-field_37-container\" class=\"wpforms-field wpforms-field-select wpforms-field-select-style-modern\" data-field-id=\"37\"><label class=\"wpforms-field-label\" for=\"wpforms-1812-field_37\">Quanto sei diposto ad investire per trasformare il tuo business e\/o la tua vita attraverso questo percorso? <span class=\"wpforms-required-label\" aria-hidden=\"true\">*<\/span><\/label><select id=\"wpforms-1812-field_37\" class=\"wpforms-field-medium wpforms-field-required choicesjs-select\" data-size-class=\"wpforms-field-row wpforms-field-medium\" data-search-enabled=\"\" name=\"wpforms[fields][37]\" required=\"required\"><option value=\"\" class=\"placeholder\" disabled  selected='selected'><\/option><option value=\"Fino a 3000\u20ac\"  class=\"choice-2 depth-1\"  >Fino a 3000\u20ac<\/option><option value=\"3000\u20ac-5000\u20ac\"  class=\"choice-3 depth-1\"  >3000\u20ac-5000\u20ac<\/option><option value=\"5000\u20ac-12000\u20ac\"  class=\"choice-4 depth-1\"  >5000\u20ac-12000\u20ac<\/option><option value=\"Oltre 12000\u20ac\"  class=\"choice-5 depth-1\"  >Oltre 12000\u20ac<\/option><\/select><\/div><div id=\"wpforms-1812-field_31-container\" class=\"wpforms-field wpforms-field-select wpforms-field-select-style-modern\" data-field-id=\"31\"><label class=\"wpforms-field-label\" for=\"wpforms-1812-field_31\">Quanti anni hai? <span class=\"wpforms-required-label\" aria-hidden=\"true\">*<\/span><\/label><select id=\"wpforms-1812-field_31\" class=\"wpforms-field-medium wpforms-field-required choicesjs-select\" data-size-class=\"wpforms-field-row wpforms-field-medium\" data-search-enabled=\"\" name=\"wpforms[fields][31]\" required=\"required\"><option value=\"\" class=\"placeholder\" disabled  selected='selected'><\/option><option value=\"21-30\"  class=\"choice-2 depth-1\"  >21-30<\/option><option value=\"31-40\"  class=\"choice-3 depth-1\"  >31-40<\/option><option value=\"41-50\"  class=\"choice-4 depth-1\"  >41-50<\/option><option value=\"51-60\"  class=\"choice-5 depth-1\"  >51-60<\/option><option value=\"Oltre 60\"  class=\"choice-6 depth-1\"  >Oltre 60<\/option><\/select><\/div><div id=\"wpforms-1812-field_32-container\" class=\"wpforms-field wpforms-field-textarea\" data-field-id=\"32\"><label class=\"wpforms-field-label\" for=\"wpforms-1812-field_32\">Hai gi\u00e0 intrapreso altri percorsi di trasformazione\/formazione personale? Se si, quali e quanto hai gi\u00e0 speso per investire su di te. <span class=\"wpforms-required-label\" aria-hidden=\"true\">*<\/span><\/label><textarea id=\"wpforms-1812-field_32\" class=\"wpforms-field-medium wpforms-field-required\" name=\"wpforms[fields][32]\" aria-errormessage=\"wpforms-1812-field_32-error\" required><\/textarea><\/div><div id=\"wpforms-1812-field_34-container\" class=\"wpforms-field wpforms-field-textarea\" data-field-id=\"34\"><label class=\"wpforms-field-label\" for=\"wpforms-1812-field_34\">C&#039;\u00e8 altro che vorresti farmi conoscere di te, che vuoi condividere? <span class=\"wpforms-required-label\" aria-hidden=\"true\">*<\/span><\/label><textarea id=\"wpforms-1812-field_34\" class=\"wpforms-field-medium wpforms-field-required\" name=\"wpforms[fields][34]\" aria-errormessage=\"wpforms-1812-field_34-error\" required><\/textarea><\/div><\/div><!-- .wpforms-field-container --><div class=\"wpforms-submit-container\" ><input type=\"hidden\" name=\"wpforms[id]\" value=\"1812\"><input type=\"hidden\" name=\"page_title\" value=\"\"><input type=\"hidden\" name=\"page_url\" value=\"https:\/\/rossellaboscolo.com\/it\/wp-json\/wp\/v2\/pages\/2659\"><input type=\"hidden\" name=\"url_referer\" value=\"\"><button type=\"submit\" name=\"wpforms[submit]\" id=\"wpforms-submit-1812\" class=\"wpforms-submit\" data-alt-text=\"Sending...\" data-submit-text=\"Invia\" aria-live=\"assertive\" value=\"wpforms-submit\">Invia<\/button><img decoding=\"async\" src=\"https:\/\/rossellaboscolo.com\/wp-content\/plugins\/wpforms\/assets\/images\/submit-spin.svg\" class=\"wpforms-submit-spinner\" style=\"display: none;\" width=\"26\" height=\"26\" alt=\"Caricamento\"><\/div><\/form><\/div>  <!-- .wpforms-container -->\t\t\t\t<\/div>\n\t\t\t\t<\/div>\n\t\t\t\t<\/div>\n\t\t\t\t<\/div>\n\t\t","protected":false},"excerpt":{"rendered":"<p>FAI BRILLARE LA TUA LUCE Compila il form qui sotto per sottoporre la tua candidatura. Please enable JavaScript in your browser to complete this form.Please enable JavaScript in your browser to complete this form.Come ti chiami? *Email *Qual \u00e8 il business che vuoi rendere scalabile\/espandere? Di cosa ti occupi in particolare? *Che cosa otterrai con &hellip; <a href=\"https:\/\/rossellaboscolo.com\/it\/fai-brillare-la-tua-luce\/\" class=\"more-link\">Continue reading <span class=\"screen-reader-text\">Fai brillare la tua luce<\/span><\/a><\/p>\n","protected":false},"author":2,"featured_media":0,"parent":0,"menu_order":0,"comment_status":"closed","ping_status":"closed","template":"","meta":{"footnotes":""},"class_list":["post-2659","page","type-page","status-publish","hentry"],"_links":{"self":[{"href":"https:\/\/rossellaboscolo.com\/it\/wp-json\/wp\/v2\/pages\/2659","targetHints":{"allow":["GET"]}}],"collection":[{"href":"https:\/\/rossellaboscolo.com\/it\/wp-json\/wp\/v2\/pages"}],"about":[{"href":"https:\/\/rossellaboscolo.com\/it\/wp-json\/wp\/v2\/types\/page"}],"author":[{"embeddable":true,"href":"https:\/\/rossellaboscolo.com\/it\/wp-json\/wp\/v2\/users\/2"}],"replies":[{"embeddable":true,"href":"https:\/\/rossellaboscolo.com\/it\/wp-json\/wp\/v2\/comments?post=2659"}],"version-history":[{"count":22,"href":"https:\/\/rossellaboscolo.com\/it\/wp-json\/wp\/v2\/pages\/2659\/revisions"}],"predecessor-version":[{"id":2684,"href":"https:\/\/rossellaboscolo.com\/it\/wp-json\/wp\/v2\/pages\/2659\/revisions\/2684"}],"wp:attachment":[{"href":"https:\/\/rossellaboscolo.com\/it\/wp-json\/wp\/v2\/media?parent=2659"}],"curies":[{"name":"wp","href":"https:\/\/api.w.org\/{rel}","templated":true}]}}