{"id":9989,"date":"2025-06-30T16:23:32","date_gmt":"2025-06-30T15:23:32","guid":{"rendered":"https:\/\/rossellaboscolo.com\/?page_id=9989"},"modified":"2025-07-01T13:51:50","modified_gmt":"2025-07-01T12:51:50","slug":"visione","status":"publish","type":"page","link":"https:\/\/rossellaboscolo.com\/it\/visione\/","title":{"rendered":"Visione e Missione"},"content":{"rendered":"\t\t<div data-elementor-type=\"wp-post\" data-elementor-id=\"9989\" class=\"elementor elementor-9989\" data-elementor-post-type=\"page\">\n\t\t\t\t<div class=\"elementor-element elementor-element-3c859b1 animated-slow e-con-full e-flex e-con e-parent\" data-id=\"3c859b1\" data-element_type=\"container\" data-settings=\"{&quot;animation&quot;:&quot;none&quot;}\">\n\t\t\t\t<div class=\"elementor-element elementor-element-db50535 animated-slow elementor-invisible elementor-widget elementor-widget-image\" data-id=\"db50535\" data-element_type=\"widget\" data-settings=\"{&quot;_animation&quot;:&quot;fadeIn&quot;}\" data-widget_type=\"image.default\">\n\t\t\t\t<div class=\"elementor-widget-container\">\n\t\t\t\t\t\t\t\t\t\t\t\t\t\t\t<img fetchpriority=\"high\" decoding=\"async\" width=\"2560\" height=\"1256\" src=\"https:\/\/rossellaboscolo.com\/wp-content\/uploads\/2025\/06\/Immagine3-scaled.png\" class=\"attachment-full size-full wp-image-10035\" alt=\"\" \/>\t\t\t\t\t\t\t\t\t\t\t\t\t\t\t<\/div>\n\t\t\t\t<\/div>\n\t\t\t\t<\/div>\n\t\t<div class=\"elementor-element elementor-element-8d143f6 animated-slow e-flex e-con-boxed elementor-invisible e-con e-parent\" data-id=\"8d143f6\" data-element_type=\"container\" data-settings=\"{&quot;animation&quot;:&quot;fadeIn&quot;}\">\n\t\t\t\t\t<div class=\"e-con-inner\">\n\t\t\t\t<div class=\"elementor-element elementor-element-d12993f animated-slow elementor-invisible elementor-widget elementor-widget-heading\" data-id=\"d12993f\" data-element_type=\"widget\" data-settings=\"{&quot;_animation&quot;:&quot;fadeIn&quot;}\" data-widget_type=\"heading.default\">\n\t\t\t\t<div class=\"elementor-widget-container\">\n\t\t\t\t\t<h2 class=\"elementor-heading-title elementor-size-default\">VISIONE<\/h2>\t\t\t\t<\/div>\n\t\t\t\t<\/div>\n\t\t\t\t<div class=\"elementor-element elementor-element-245e9ca elementor-widget__width-initial elementor-widget elementor-widget-text-editor\" data-id=\"245e9ca\" data-element_type=\"widget\" data-widget_type=\"text-editor.default\">\n\t\t\t\t<div class=\"elementor-widget-container\">\n\t\t\t\t\t\t\t\t\tUn mondo nel quale ogni essere umano sia nel proprio Potere Sacro, in grado di incarnare l\u2019essenza pi\u00f9 luminosa, sprigionando Amore.<br class=\"keep\" \/><br class=\"keep\" \/>\n\nPotere Sacro \u00e8 rispetto per la propria unicit\u00e0, riconoscimento profondo della natura divina, infinita e capacit\u00e0 di agire nel mondo sorretti da tale connessione, da Creatori.\n<br class=\"keep\" \/>\n\nAnime in cammino, capaci di arricchirsi reciprocamente, di sorreggersi autonomamente e proprio per questo unite in una visione pi\u00f9 grande. <br class=\"keep\" \/><br class=\"keep\" \/>\n\nDonne e uomini che non temono rivali, che riconoscono, onorano e si inchinano alla bellezza e al Potere di altri esseri.<br class=\"keep\" \/><br class=\"keep\" \/>\n\nDonne e uomini che si fidano profondamente di s\u00e9, della propria intuizione e che agiscono con coraggio per onorarla.<br class=\"keep\" \/><br class=\"keep\" \/>\n\nDonne e uomini che hanno sperimentato la resa quale forma pi\u00f9 elevata di espressione del loro potere.<br class=\"keep\" \/><br class=\"keep\" \/>\n\nDonne e uomini che riconoscono di poter beneficiare del supporto di altri esseri umani avanti a loro nel cammino.<br class=\"keep\" \/><br class=\"keep\" \/>\n\nDonne e uomini che esprimono dal cuore profonda gratitudine verso coloro che li hanno aiutati.<br class=\"keep\" \/><br class=\"keep\" \/>\n\nDonne e uomini che sprigionano e accolgono il flusso della prosperit\u00e0, di cui fanno parte Amore, Bellezza, Salute, Denaro, Tempo, Gioia, sentendosi al sicuro sempre.<br class=\"keep\" \/><br class=\"keep\" \/>\t\t\t\t\t\t\t\t<\/div>\n\t\t\t\t<\/div>\n\t\t\t\t<div class=\"elementor-element elementor-element-a26b2a1 animated-slow elementor-invisible elementor-widget elementor-widget-heading\" data-id=\"a26b2a1\" data-element_type=\"widget\" data-settings=\"{&quot;_animation&quot;:&quot;fadeIn&quot;}\" data-widget_type=\"heading.default\">\n\t\t\t\t<div class=\"elementor-widget-container\">\n\t\t\t\t\t<h2 class=\"elementor-heading-title elementor-size-default\">MISSIONE<\/h2>\t\t\t\t<\/div>\n\t\t\t\t<\/div>\n\t\t\t\t<div class=\"elementor-element elementor-element-ecff2fd elementor-widget__width-initial elementor-widget elementor-widget-text-editor\" data-id=\"ecff2fd\" data-element_type=\"widget\" data-widget_type=\"text-editor.default\">\n\t\t\t\t<div class=\"elementor-widget-container\">\n\t\t\t\t\t\t\t\t\t<p style=\"text-align: center;\">La missione di Rossella Boscolo International LTD \u00e8 contribuire attivamente alla costruzione del Nuovo Mondo, riconnettendo l\u2019essere umano alla propria natura divina e sacra, oltrepassando la matrice di separazione, paura e scarsit\u00e0.<br class=\"keep\" \/><br class=\"keep\" \/><\/p>\n<p style=\"text-align: center;\">Accompagniamo anime pronte a ricordare chi sono, a riconoscere la propria verit\u00e0 e a incarnare una presenza viva e creativa nella materia, fondendo Spirito e Azione.<br class=\"keep\" \/><br class=\"keep\" \/><\/p>\n<p style=\"text-align: center;\">Crediamo che l\u2019apertura del cuore e l\u2019accesso al Potere Sacro interiore siano le chiavi per generare un impatto autentico e per attivare il flusso di prosperit\u00e0 naturale, fatto di amore, abbondanza, relazioni nutrienti, salute, libert\u00e0, denaro e bellezza.<br class=\"keep\" \/><br class=\"keep\" \/><\/p>\n<p style=\"text-align: center;\">Coltiviamo comunit\u00e0 di esseri umani liberi, responsabili e profondamente connessi, capaci di sostenersi e arricchirsi a vicenda, contribuendo alla co-creazione di una nuova realt\u00e0.<br class=\"keep\" \/><br class=\"keep\" \/><\/p>\n<p style=\"text-align: center;\">\u00c8 una missione che onora la verit\u00e0 individuale e la visione collettiva.<br class=\"keep\" \/><br class=\"keep\" \/><\/p>\n<p style=\"text-align: center;\">Una missione che riconosce che la Via \u00e8 il Cuore.<br class=\"keep\" \/><br class=\"keep\" \/><\/p>\n<p style=\"text-align: center;\">Una missione che non crea dipendenza, ma Potere nell\u2019Amore.<\/p><br class=\"keep\" \/><br class=\"keep\" \/>\t\t\t\t\t\t\t\t<\/div>\n\t\t\t\t<\/div>\n\t\t\t\t<div class=\"elementor-element elementor-element-deb3ebd elementor-align-center elementor-mobile-align-center elementor-widget elementor-widget-button\" data-id=\"deb3ebd\" data-element_type=\"widget\" data-widget_type=\"button.default\">\n\t\t\t\t<div class=\"elementor-widget-container\">\n\t\t\t\t\t\t\t\t\t<div class=\"elementor-button-wrapper\">\n\t\t\t\t\t<a class=\"elementor-button elementor-button-link elementor-size-sm\" href=\"https:\/\/rossellaboscolo.com\/it\/fai-brillare-la-tua-luce\/\">\n\t\t\t\t\t\t<span class=\"elementor-button-content-wrapper\">\n\t\t\t\t\t\t\t\t\t<span class=\"elementor-button-text\">Prenota la tua chiamata di approfondimento<\/span>\n\t\t\t\t\t<\/span>\n\t\t\t\t\t<\/a>\n\t\t\t\t<\/div>\n\t\t\t\t\t\t\t\t<\/div>\n\t\t\t\t<\/div>\n\t\t\t\t\t<\/div>\n\t\t\t\t<\/div>\n\t\t<div class=\"elementor-element elementor-element-70afbff animated-slow e-flex e-con-boxed elementor-invisible e-con e-parent\" data-id=\"70afbff\" data-element_type=\"container\" data-settings=\"{&quot;animation&quot;:&quot;fadeIn&quot;}\">\n\t\t\t\t\t<div class=\"e-con-inner\">\n\t\t<div class=\"elementor-element elementor-element-3126060 e-con-full e-flex e-con e-child\" data-id=\"3126060\" data-element_type=\"container\" data-settings=\"{&quot;background_background&quot;:&quot;classic&quot;}\">\n\t\t\t\t<div class=\"elementor-element elementor-element-86051fb elementor-widget elementor-widget-heading\" data-id=\"86051fb\" data-element_type=\"widget\" data-widget_type=\"heading.default\">\n\t\t\t\t<div class=\"elementor-widget-container\">\n\t\t\t\t\t<h2 class=\"elementor-heading-title elementor-size-default\">ACCEDI ALLA FREE MASTERCLASS<\/h2>\t\t\t\t<\/div>\n\t\t\t\t<\/div>\n\t\t\t\t<div class=\"elementor-element elementor-element-117759f elementor-widget__width-initial elementor-widget elementor-widget-text-editor\" data-id=\"117759f\" data-element_type=\"widget\" data-widget_type=\"text-editor.default\">\n\t\t\t\t<div class=\"elementor-widget-container\">\n\t\t\t\t\t\t\t\t\t                <div class=\"ml-embedded\" data-form=\"RXiyhB\"><\/div>\n            \t\t\t\t\t\t\t\t<\/div>\n\t\t\t\t<\/div>\n\t\t\t\t<\/div>\n\t\t\t\t\t<\/div>\n\t\t\t\t<\/div>\n\t\t\t\t<\/div>\n\t\t","protected":false},"excerpt":{"rendered":"<p>VISIONE Un mondo nel quale ogni essere umano sia nel proprio Potere Sacro, in grado di incarnare l\u2019essenza pi\u00f9 luminosa, sprigionando Amore. Potere Sacro \u00e8 rispetto per la propria unicit\u00e0, riconoscimento profondo della natura divina, infinita e capacit\u00e0 di agire nel mondo sorretti da tale connessione, da Creatori. Anime in cammino, capaci di arricchirsi reciprocamente, &hellip; <a href=\"https:\/\/rossellaboscolo.com\/it\/visione\/\" class=\"more-link\">Continue reading <span class=\"screen-reader-text\">Visione e Missione<\/span><\/a><\/p>\n","protected":false},"author":1,"featured_media":0,"parent":0,"menu_order":0,"comment_status":"closed","ping_status":"closed","template":"elementor_header_footer","meta":{"footnotes":""},"class_list":["post-9989","page","type-page","status-publish","hentry"],"_links":{"self":[{"href":"https:\/\/rossellaboscolo.com\/it\/wp-json\/wp\/v2\/pages\/9989","targetHints":{"allow":["GET"]}}],"collection":[{"href":"https:\/\/rossellaboscolo.com\/it\/wp-json\/wp\/v2\/pages"}],"about":[{"href":"https:\/\/rossellaboscolo.com\/it\/wp-json\/wp\/v2\/types\/page"}],"author":[{"embeddable":true,"href":"https:\/\/rossellaboscolo.com\/it\/wp-json\/wp\/v2\/users\/1"}],"replies":[{"embeddable":true,"href":"https:\/\/rossellaboscolo.com\/it\/wp-json\/wp\/v2\/comments?post=9989"}],"version-history":[{"count":62,"href":"https:\/\/rossellaboscolo.com\/it\/wp-json\/wp\/v2\/pages\/9989\/revisions"}],"predecessor-version":[{"id":10103,"href":"https:\/\/rossellaboscolo.com\/it\/wp-json\/wp\/v2\/pages\/9989\/revisions\/10103"}],"wp:attachment":[{"href":"https:\/\/rossellaboscolo.com\/it\/wp-json\/wp\/v2\/media?parent=9989"}],"curies":[{"name":"wp","href":"https:\/\/api.w.org\/{rel}","templated":true}]}}